{"id":8057,"date":"2020-07-29T03:25:13","date_gmt":"2020-07-29T03:25:13","guid":{"rendered":"http:\/\/amejardimdosprados.spdmafiliadas.org.br\/?page_id=8057"},"modified":"2020-07-29T03:25:13","modified_gmt":"2020-07-29T03:25:13","slug":"comunicacao","status":"publish","type":"page","link":"https:\/\/ccdq.animaker.com.br\/?page_id=8057","title":{"rendered":"Comunica\u00e7\u00e3o"},"content":{"rendered":"<div class=\"container section-title-container\" ><h3 class=\"section-title section-title-normal\"><b aria-hidden=\"true\"><\/b><span class=\"section-title-main\" >Comunica\u00e7\u00e3o<\/span><b aria-hidden=\"true\"><\/b><\/h3><\/div>\n<div class=\"accordion\">\n\t<div id=\"accordion-3868574994\" class=\"accordion-item\">\n\t\t<a id=\"accordion-3868574994-label\" class=\"accordion-title plain\" href=\"#accordion-item-informativos---banner\" aria-expanded=\"false\" aria-controls=\"accordion-3868574994-content\">\n\t\t\t<button class=\"toggle\" aria-label=\"Toggle\"><i class=\"icon-angle-down\" aria-hidden=\"true\"><\/i><\/button>\n\t\t\t<span>Informativos - Banner<\/span>\n\t\t<\/a>\n\t\t<div id=\"accordion-3868574994-content\" class=\"accordion-inner\" aria-labelledby=\"accordion-3868574994-label\">\n\t\t\t\n<div class=\"row row-small\"  id=\"row-1558231912\">\n\n\t<div id=\"col-536999060\" class=\"col medium-6 small-12 large-6\"  >\n\t\t\t\t<div class=\"col-inner\"  >\n\t\t\t\n\t\t\t\n<p class=\"p2\" style=\"text-align: justify\">Em diversos pontos, com maior circula\u00e7\u00e3o de profissionais, pacientes, familiares, fornecedores, dentre outros, est\u00e3o dispostos banner\u2019s com a divulga\u00e7\u00e3o do Manual de Conformidade Administrativa, pol\u00edticas e Princ\u00edpios de Integridade e do Canais de Confidencial da SPDM.<\/p>\n\t\t<\/div>\n\t\t\t\t\t<\/div>\n\n\t\n\n\t<div id=\"col-1101213199\" class=\"col medium-6 small-12 large-6\"  >\n\t\t\t\t<div class=\"col-inner\" style=\"background-color:rgb(255, 255, 255);\" >\n\t\t\t\n\t\t\t\n<p><a href=\"https:\/\/urh.spdmafiliadas.org.br\/wp-content\/uploads\/sites\/4\/2021\/04\/image6-afiliadas-cartaz.png\"><img loading=\"lazy\" decoding=\"async\" class=\"alignnone size-full wp-image-8320\" src=\"http:\/\/urh.spdmafiliadas.org.br\/wp-content\/uploads\/sites\/4\/2021\/04\/image6-afiliadas-cartaz.png\" alt=\"\" width=\"879\" height=\"1137\" \/><\/a><\/p>\n\t\t<\/div>\n\t\t\t\t\t<\/div>\n\n\t\n<\/div>\n\t\t<\/div>\n\t<\/div>\n\t\n\t<div id=\"accordion-3998449998\" class=\"accordion-item\">\n\t\t<a id=\"accordion-3998449998-label\" class=\"accordion-title plain\" href=\"#accordion-item-informativos---v\u00eddeos-de-sensibiliza\u00e7\u00e3o\" aria-expanded=\"false\" aria-controls=\"accordion-3998449998-content\">\n\t\t\t<button class=\"toggle\" aria-label=\"Toggle\"><i class=\"icon-angle-down\" aria-hidden=\"true\"><\/i><\/button>\n\t\t\t<span>Informativos - V\u00eddeos de Sensibiliza\u00e7\u00e3o<\/span>\n\t\t<\/a>\n\t\t<div id=\"accordion-3998449998-content\" class=\"accordion-inner\" aria-labelledby=\"accordion-3998449998-label\">\n\t\t\t\n<p class=\"p1\" style=\"text-align: justify\"><span class=\"s1\">A SPDM desenvolveu e divulga amplamente, por toda a institui\u00e7\u00e3o, v\u00eddeos que, em uma linguagem simplificada, abordem temas relacionados \u00e0 integridade<\/span><\/p>\n<p class=\"text-center\"><mark>Block <strong>\"8110\"<\/strong> not found<\/mark><\/p>\n\t\t<\/div>\n\t<\/div>\n\t\n\t<div id=\"accordion-2484815619\" class=\"accordion-item\">\n\t\t<a id=\"accordion-2484815619-label\" class=\"accordion-title plain\" href=\"#accordion-item-meios-eletr\u00f4nicos---intranet\" aria-expanded=\"false\" aria-controls=\"accordion-2484815619-content\">\n\t\t\t<button class=\"toggle\" aria-label=\"Toggle\"><i class=\"icon-angle-down\" aria-hidden=\"true\"><\/i><\/button>\n\t\t\t<span>Meios Eletr\u00f4nicos - Intranet<\/span>\n\t\t<\/a>\n\t\t<div id=\"accordion-2484815619-content\" class=\"accordion-inner\" aria-labelledby=\"accordion-2484815619-label\">\n\t\t\t\n<p>A SPDM possui uma intranet para acesso de seus profissionais com o objetivo de divulgar not\u00edcias, informa\u00e7\u00f5es de departamento pessoal, al\u00e9m de outros informes de gest\u00e3o da institui\u00e7\u00e3o.<\/p>\n<ul class=\"ul1\">\n<li class=\"li1\"><span class=\"s2\">Divulga\u00e7\u00e3o do Manual de Conformidade Administrativa, Pol\u00edticas e Princ\u00edpios de Integridade<\/span><\/li>\n<\/ul>\n<div class=\"row\"  id=\"row-1910904810\">\n\n\t<div id=\"col-870495107\" class=\"col medium-4 small-12 large-4\"  >\n\t\t\t\t<div class=\"col-inner\"  >\n\t\t\t\n\t\t\t\n<h5 class=\"p1\" style=\"text-align: center\"><span class=\"s1\">Intranet &#8211; Vers\u00e3o anima\u00e7\u00e3o<\/span><\/h5>\n<p><a href=\"https:\/\/urh.spdmafiliadas.org.br\/wp-content\/uploads\/sites\/4\/2024\/02\/Manual-de-conformidade-versao-animacao.png\"><img loading=\"lazy\" decoding=\"async\" class=\"size-full wp-image-9090 aligncenter\" src=\"https:\/\/urh.spdmafiliadas.org.br\/wp-content\/uploads\/sites\/4\/2024\/02\/Manual-de-conformidade-versao-animacao.png\" alt=\"animacao manual conformidade\" width=\"383\" height=\"421\" \/><\/a><\/p>\n\t\t<\/div>\n\t\t\t\t\t<\/div>\n\n\t\n\n\t<div id=\"col-1492265485\" class=\"col medium-4 small-12 large-4\"  >\n\t\t\t\t<div class=\"col-inner\"  >\n\t\t\t\n\t\t\t\n<h5 style=\"text-align: center\">Intranet &#8211; Vers\u00e3o PDF<\/h5>\n<div class=\"wp-block-image\" style=\"text-align: center\"><a href=\"https:\/\/urh.spdmafiliadas.org.br\/wp-content\/uploads\/sites\/4\/2024\/02\/afiliadas-net-spdm.png\"><img loading=\"lazy\" decoding=\"async\" class=\"wpa-warning wpa-image-missing-alt alignnone wp-image-9091 size-full\" src=\"https:\/\/urh.spdmafiliadas.org.br\/wp-content\/uploads\/sites\/4\/2024\/02\/afiliadas-net-spdm.png\" alt=\"afiliadas net\" width=\"271\" height=\"83\" data-warning=\"Missing alt text\" \/><\/a><\/div>\n<div class=\"wp-block-image\"><a href=\"https:\/\/urh.spdmafiliadas.org.br\/wp-content\/uploads\/sites\/4\/2024\/02\/manual-capa-pdf.png\"><img loading=\"lazy\" decoding=\"async\" class=\"wpa-warning wpa-image-missing-alt alignnone wp-image-9092 size-full aligncenter\" src=\"https:\/\/urh.spdmafiliadas.org.br\/wp-content\/uploads\/sites\/4\/2024\/02\/manual-capa-pdf.png\" alt=\"capa manual conformidade\" width=\"174\" height=\"220\" data-warning=\"Missing alt text\" \/><\/a><\/div>\n\t\t<\/div>\n\t\t\t\t\t<\/div>\n\n\t\n\n\t<div id=\"col-1665652134\" class=\"col medium-4 small-12 large-4\"  >\n\t\t\t\t<div class=\"col-inner\"  >\n\t\t\t\n\t\t\t\n<h5 style=\"text-align: center\">Aplicativo para celular com Manual de Conformidade Administrativa, Pol\u00edticas e Princ\u00edpios de Integridade (<span class=\"s1\">Manual de conformidade, <\/span><span class=\"s1\">Sites e <\/span><span class=\"s1\">Canal de den\u00fancia)<\/span><\/h5>\n<p><a href=\"https:\/\/urh.spdmafiliadas.org.br\/wp-content\/uploads\/sites\/4\/2024\/02\/app-spdm-manual.png\"><img loading=\"lazy\" decoding=\"async\" class=\"size-full wp-image-9093 aligncenter\" src=\"https:\/\/urh.spdmafiliadas.org.br\/wp-content\/uploads\/sites\/4\/2024\/02\/app-spdm-manual.png\" alt=\"app afiliadas\" width=\"171\" height=\"295\" \/><\/a><\/p>\n\t\t<\/div>\n\t\t\t\t\t<\/div>\n\n\t\n<\/div>\n\t\t<\/div>\n\t<\/div>\n\t\n\t<div id=\"accordion-2960596077\" class=\"accordion-item\">\n\t\t<a id=\"accordion-2960596077-label\" class=\"accordion-title plain\" href=\"#accordion-item-ecos-(espa\u00e7o-de-comunica\u00e7\u00e3o-organizacional-da-spdm)\" aria-expanded=\"false\" aria-controls=\"accordion-2960596077-content\">\n\t\t\t<button class=\"toggle\" aria-label=\"Toggle\"><i class=\"icon-angle-down\" aria-hidden=\"true\"><\/i><\/button>\n\t\t\t<span>ECOS (Espa\u00e7o de Comunica\u00e7\u00e3o Organizacional da SPDM)<\/span>\n\t\t<\/a>\n\t\t<div id=\"accordion-2960596077-content\" class=\"accordion-inner\" aria-labelledby=\"accordion-2960596077-label\">\n\t\t\t\n<p class=\"p1\"><span class=\"s1\"><b><img loading=\"lazy\" decoding=\"async\" class=\"wp-image-7700alignleft\" src=\"https:\/\/urh.spdmafiliadas.org.br\/wp-content\/uploads\/sites\/4\/2020\/09\/logo-ecos-spdm-280x272-1.png\" alt=\"\" width=\"53\" height=\"48\" \/>ECOS (Espa\u00e7o de Comunica\u00e7\u00e3o Organizacional da SPDM)<\/b><\/span><\/p>\n<div class=\"row\"  id=\"row-1923466338\">\n\n\t<div id=\"col-1574572603\" class=\"col medium-4 small-12 large-4\"  >\n\t\t\t\t<div class=\"col-inner\"  >\n\t\t\t\n\t\t\t\n<p><a href=\"https:\/\/www.spdmafiliadas.org.br\/midia-spdm\/\"><img loading=\"lazy\" decoding=\"async\" class=\"aligncenter wp-image-7901 size-full\" src=\"https:\/\/urh.spdmafiliadas.org.br\/wp-content\/uploads\/sites\/4\/2020\/09\/edicao-1.png\" alt=\"\" width=\"640\" height=\"370\" \/><\/a><\/p>\n<p style=\"text-align: center\"><a href=\"https:\/\/www.spdmafiliadas.org.br\/midia-spdm\/\">Edi\u00e7\u00e3o 01 &#8211; \u00c9tica Empresarial<\/a><\/p>\n\t\t<\/div>\n\t\t\t\t\t<\/div>\n\n\t\n\n\t<div id=\"col-1328340526\" class=\"col medium-4 small-12 large-4\"  >\n\t\t\t\t<div class=\"col-inner\"  >\n\t\t\t\n\t\t\t\n<p><a href=\"https:\/\/www.spdmafiliadas.org.br\/midia-spdm\/\"><img loading=\"lazy\" decoding=\"async\" class=\"aligncenter wp-image-7902 size-full\" src=\"https:\/\/urh.spdmafiliadas.org.br\/wp-content\/uploads\/sites\/4\/2020\/09\/edicao-2.png\" alt=\"\" width=\"640\" height=\"370\" \/><\/a><\/p>\n<p style=\"text-align: center\"><a href=\"https:\/\/www.spdmafiliadas.org.br\/midia-spdm\/\">Edi\u00e7\u00e3o 02 &#8211; Compliance e Integridade<\/a><\/p>\n\t\t<\/div>\n\t\t\t\t\t<\/div>\n\n\t\n\n\t<div id=\"col-705356277\" class=\"col medium-4 small-12 large-4\"  >\n\t\t\t\t<div class=\"col-inner\"  >\n\t\t\t\n\t\t\t\n<p><a href=\"https:\/\/www.spdmafiliadas.org.br\/midia-spdm\/\"><img loading=\"lazy\" decoding=\"async\" class=\"alignnone wp-image-7907 size-medium\" src=\"https:\/\/urh.spdmafiliadas.org.br\/wp-content\/uploads\/sites\/4\/2020\/09\/edicao-7-300x173-1.png\" alt=\"\" width=\"300\" height=\"173\" \/><\/a><\/p>\n<p><a href=\"https:\/\/www.spdmafiliadas.org.br\/midia-spdm\/\">Edi\u00e7\u00e3o 07 &#8211; \u00c9tica Empresarial &#8211; Relacionamento com Fornecedores<\/a><\/p>\n\t\t<\/div>\n\t\t\t\t\t<\/div>\n\n\t\n<\/div>\n<a href=\"https:\/\/www.spdmafiliadas.org.br\/midia-spdm\/\" class=\"button secondary is-underline lowercase\" >\n\t\t<span>Saiba Mais<\/span>\n\t<i class=\"icon-angle-right\" aria-hidden=\"true\"><\/i><\/a>\n\n\t\t<\/div>\n\t<\/div>\n\t\n\t<div id=\"accordion-2630455816\" class=\"accordion-item\">\n\t\t<a id=\"accordion-2630455816-label\" class=\"accordion-title plain\" href=\"#accordion-item-publica\u00e7\u00f5es\" aria-expanded=\"false\" aria-controls=\"accordion-2630455816-content\">\n\t\t\t<button class=\"toggle\" aria-label=\"Toggle\"><i class=\"icon-angle-down\" aria-hidden=\"true\"><\/i><\/button>\n\t\t\t<span>Publica\u00e7\u00f5es<\/span>\n\t\t<\/a>\n\t\t<div id=\"accordion-2630455816-content\" class=\"accordion-inner\" aria-labelledby=\"accordion-2630455816-label\">\n\t\t\t\n<ul>\n<li><a href=\"https:\/\/urh.spdmafiliadas.org.br\/relatorio-de-compliance-e-integridade-2\/\">Relat\u00f3rio Compliance<\/a><\/li>\n<li><a href=\"https:\/\/urh.spdmafiliadas.org.br\/cartilha-de-prevencao-de-assedio-moral-e-sexual\/\">Cartilha de Prevenc\u0327a\u0303o de Asse\u0301dio Moral e Sexual<\/a><\/li>\n<\/ul>\n\t\t<\/div>\n\t<\/div>\n\t\n<\/div>\n","protected":false},"excerpt":{"rendered":"","protected":false},"author":14,"featured_media":0,"parent":0,"menu_order":0,"comment_status":"closed","ping_status":"closed","template":"","meta":{"footnotes":""},"class_list":["post-8057","page","type-page","status-publish","hentry"],"_links":{"self":[{"href":"https:\/\/ccdq.animaker.com.br\/index.php?rest_route=\/wp\/v2\/pages\/8057","targetHints":{"allow":["GET"]}}],"collection":[{"href":"https:\/\/ccdq.animaker.com.br\/index.php?rest_route=\/wp\/v2\/pages"}],"about":[{"href":"https:\/\/ccdq.animaker.com.br\/index.php?rest_route=\/wp\/v2\/types\/page"}],"author":[{"embeddable":true,"href":"https:\/\/ccdq.animaker.com.br\/index.php?rest_route=\/wp\/v2\/users\/14"}],"replies":[{"embeddable":true,"href":"https:\/\/ccdq.animaker.com.br\/index.php?rest_route=%2Fwp%2Fv2%2Fcomments&post=8057"}],"version-history":[{"count":0,"href":"https:\/\/ccdq.animaker.com.br\/index.php?rest_route=\/wp\/v2\/pages\/8057\/revisions"}],"wp:attachment":[{"href":"https:\/\/ccdq.animaker.com.br\/index.php?rest_route=%2Fwp%2Fv2%2Fmedia&parent=8057"}],"curies":[{"name":"wp","href":"https:\/\/api.w.org\/{rel}","templated":true}]}}