{"id":8056,"date":"2020-07-29T03:24:43","date_gmt":"2020-07-29T03:24:43","guid":{"rendered":"http:\/\/amejardimdosprados.spdmafiliadas.org.br\/?page_id=8056"},"modified":"2020-07-29T03:24:43","modified_gmt":"2020-07-29T03:24:43","slug":"manual-de-fornecedores","status":"publish","type":"page","link":"https:\/\/ccdq.animaker.com.br\/?page_id=8056","title":{"rendered":"Fornecedores e Parceiros"},"content":{"rendered":"<div class=\"container section-title-container\" ><h3 class=\"section-title section-title-normal\"><b aria-hidden=\"true\"><\/b><span class=\"section-title-main\" >Fornecedores e Parceiros<\/span><b aria-hidden=\"true\"><\/b><\/h3><\/div>\n<h4 style=\"text-align: justify\">Gest\u00e3o de Contratos \/ Cl\u00e1usula Anticorrup\u00e7\u00e3o<\/h4>\n<p style=\"text-align: justify\"><span style=\"font-weight: 400\">As minutas contratuais de presta\u00e7\u00e3o de servi\u00e7os firmadas entre a SPDM e seus prestadores de servi\u00e7o, incluindo os hospitais de campanha, cont\u00eam cl\u00e1usula contratual nomeada &#8220;Cl\u00e1usula Anticorrup\u00e7\u00e3o&#8221;.<\/span><\/p>\n<h4 style=\"text-align: justify\">Entrega do Manual de Conformidade Administrativa, Pol\u00edticas e Princ\u00edpios de Integridade<\/h4>\n<p style=\"text-align: justify\"><span style=\"font-weight: 400\">Na celebra\u00e7\u00e3o do contrato com SPDM, os prestadores de servi\u00e7os recebem o Manual de Conformidade Administrativa, Pol\u00edticas e Princ\u00edpios de Integridade e o Manual de Fornecedores da SPDM. A assinatura do termo de ades\u00e3o ao Manual de Conformidade \u00e9 requisito obrigat\u00f3rio para celebra\u00e7\u00e3o do contrato.<\/span><\/p>\n<p style=\"text-align: justify\"><span style=\"font-weight: 400\">Alinhado \u00e0 estrat\u00e9gia da SPDM, bem como a seu Manual de Conformidade Administrativa, este manual visa a expressar o compromisso da organiza\u00e7\u00e3o na ado\u00e7\u00e3o de padr\u00f5es adequados de conduta na rela\u00e7\u00e3o com fornecedores que, al\u00e9m de capacidade t\u00e9cnica, demonstrem compromisso com a preserva\u00e7\u00e3o do meio ambiente, conformidade e respeito aos temas relacionados com direitos humanos, com a sa\u00fade e seguran\u00e7a dos trabalhadores, com pol\u00edticas e pr\u00e1ticas de promo\u00e7\u00e3o da diversidade, atuando de forma \u00e9tica e respons\u00e1vel.<\/span><\/p>\n<p style=\"text-align: justify\"><span style=\"font-weight: 400\">Al\u00e9m disso, o Manual apresenta as etapas e crit\u00e9rios utilizados na sele\u00e7\u00e3o e avalia\u00e7\u00e3o de fornecedores.<\/span><\/p>\n<div class=\"_3d-flip-book  fb3d-fullscreen-mode full-size\" data-id=\"8374\" data-mode=\"fullscreen\" data-title=\"false\" data-template=\"short-white-book-view\" data-lightbox=\"dark\" data-urlparam=\"fb3d-page\" data-page-n=\"0\" data-pdf=\"\" data-tax=\"null\" data-thumbnail=\"\" data-cols=\"3\" data-query=\"\"><\/div>\n<p>&nbsp;<\/p>\n<p><a href=\"https:\/\/urh.spdmafiliadas.org.br\/wp-content\/uploads\/sites\/4\/2020\/09\/Captura-de-Tela-2020-05-30-a\u0300s-17.12.17-281x300-1.png\"><img loading=\"lazy\" decoding=\"async\" class=\"size-full wp-image-8124 aligncenter\" src=\"https:\/\/urh.spdmafiliadas.org.br\/wp-content\/uploads\/sites\/4\/2020\/09\/Captura-de-Tela-2020-05-30-a\u0300s-17.12.17-281x300-1.png\" alt=\"\" width=\"281\" height=\"300\" \/><\/a><\/p>\n<p><i><span style=\"font-weight: 400\">Anexo II &#8211; Manual de Conformidade Administrativa, Pol\u00edticas e Princ\u00edpios de Integridade SPDM &#8211; Termo de Ades\u00e3o aplicado aos terceiros.<\/span><\/i><\/p>\n<h4>Treinamento de Compliance para Fornecedores e Prestadores de Servi\u00e7os<\/h4>\n<p style=\"text-align: justify\">O treinamento aborda conceitos e defini\u00e7\u00f5es de compliance e integridade do Manual de Conformidade Administrativa da SPDM, suas pol\u00edticas, normas e regulamentos, canais de den\u00fancias e todas as outras a\u00e7\u00f5es de promo\u00e7\u00e3o da cultura de integridade.<\/p>\n<p style=\"text-align: justify\">A partir de maio de 2020, em fun\u00e7\u00e3o da pandemia de COVID-19, os treinamentos passaram a ser realizados na vers\u00e3o on-line ao vivo.<\/p>\n","protected":false},"excerpt":{"rendered":"<p>Gest\u00e3o de Contratos \/ Cl\u00e1usula Anticorrup\u00e7\u00e3o As minutas contratuais de presta\u00e7\u00e3o de servi\u00e7os firmadas entre a SPDM e seus prestadores de servi\u00e7o, incluindo os hospitais de campanha, cont\u00eam cl\u00e1usula contratual nomeada &#8220;Cl\u00e1usula Anticorrup\u00e7\u00e3o&#8221;. Entrega do Manual de Conformidade Administrativa, Pol\u00edticas e Princ\u00edpios de Integridade Na celebra\u00e7\u00e3o do contrato com SPDM, os prestadores de servi\u00e7os recebem [&#8230;]\n","protected":false},"author":14,"featured_media":0,"parent":0,"menu_order":0,"comment_status":"closed","ping_status":"closed","template":"","meta":{"footnotes":""},"class_list":["post-8056","page","type-page","status-publish","hentry"],"_links":{"self":[{"href":"https:\/\/ccdq.animaker.com.br\/index.php?rest_route=\/wp\/v2\/pages\/8056","targetHints":{"allow":["GET"]}}],"collection":[{"href":"https:\/\/ccdq.animaker.com.br\/index.php?rest_route=\/wp\/v2\/pages"}],"about":[{"href":"https:\/\/ccdq.animaker.com.br\/index.php?rest_route=\/wp\/v2\/types\/page"}],"author":[{"embeddable":true,"href":"https:\/\/ccdq.animaker.com.br\/index.php?rest_route=\/wp\/v2\/users\/14"}],"replies":[{"embeddable":true,"href":"https:\/\/ccdq.animaker.com.br\/index.php?rest_route=%2Fwp%2Fv2%2Fcomments&post=8056"}],"version-history":[{"count":0,"href":"https:\/\/ccdq.animaker.com.br\/index.php?rest_route=\/wp\/v2\/pages\/8056\/revisions"}],"wp:attachment":[{"href":"https:\/\/ccdq.animaker.com.br\/index.php?rest_route=%2Fwp%2Fv2%2Fmedia&parent=8056"}],"curies":[{"name":"wp","href":"https:\/\/api.w.org\/{rel}","templated":true}]}}