{"id":8053,"date":"2020-07-29T03:23:03","date_gmt":"2020-07-29T03:23:03","guid":{"rendered":"http:\/\/amejardimdosprados.spdmafiliadas.org.br\/?page_id=8053"},"modified":"2020-07-29T03:23:03","modified_gmt":"2020-07-29T03:23:03","slug":"manual-de-conformidade-administrativa-politicas-e-principios-de-integridade","status":"publish","type":"page","link":"https:\/\/ccdq.animaker.com.br\/?page_id=8053","title":{"rendered":"Manual de Conformidade Administrativa, Pol\u00edticas e Princ\u00edpios de Integridade"},"content":{"rendered":"<div class=\"container section-title-container\" ><h3 class=\"section-title section-title-normal\"><b aria-hidden=\"true\"><\/b><span class=\"section-title-main\" >Manual de Conformidade Administrativa, Pol\u00edticas e Princ\u00edpios de Integridade<\/span><b aria-hidden=\"true\"><\/b><\/h3><\/div>\n<div class=\"row row-small\"  id=\"row-634817863\">\n\n\t<div id=\"col-96589732\" class=\"col small-12 large-12\"  >\n\t\t\t\t<div class=\"col-inner\"  >\n\t\t\t\n\t\t\t\n<p style=\"text-align: center\"><div class=\"_3d-flip-book  fb3d-fullscreen-mode full-size\" data-id=\"8370\" data-mode=\"fullscreen\" data-title=\"false\" data-template=\"short-white-book-view\" data-lightbox=\"dark\" data-urlparam=\"fb3d-page\" data-page-n=\"0\" data-pdf=\"\" data-tax=\"null\" data-thumbnail=\"\" data-cols=\"3\" data-query=\"\"><\/div>\n<div class=\"is-divider divider clearfix\" style=\"max-width:430px;\"><\/div>\n<div class=\"row\"  id=\"row-1062873945\">\n\n\t<div id=\"col-393479592\" class=\"col medium-4 small-12 large-4\"  >\n\t\t\t\t<div class=\"col-inner text-center\"  >\n\t\t\t\n\t\t\t\n\t<div class=\"img has-hover x md-x lg-x y md-y lg-y\" id=\"image_1649674393\">\n\t\t\t\t\t\t\t\t<div class=\"img-inner dark\" >\n\t\t\t\t\t\t\t\t\t\n\t\t\t\t\t<\/div>\n\t\t\t\t\t\t\t\t\n<style>\n#image_1649674393 {\n  width: 34%;\n}\n<\/style>\n\t<\/div>\n\t\n\t\t<\/div>\n\t\t\t\t\t<\/div>\n\n\t\n\n\t<div id=\"col-1219909035\" class=\"col medium-8 small-12 large-8\"  >\n\t\t\t\t<div class=\"col-inner\"  >\n\t\t\t\n\t\t\t\n<p style=\"text-align: justify\"><span style=\"font-weight: 400\">Tamb\u00e9m \u00e9 disponibilizado o aplicativo para smartphone com o Manual de Conformidade Administrativa, Pol\u00edticas e Princ\u00edpios de Integridade da SPDM. <\/span><\/p>\n<p style=\"text-align: justify\"><span style=\"font-weight: 400\">Este aplicativo possui links de acesso direto ao Canal de Den\u00fancias, por meio dos sites da SPDM.<\/span><\/p>\n\t\t<\/div>\n\t\t\t\t\t<\/div>\n\n\t\n<\/div>\n\t\t<\/div>\n\t\t\t\t\t<\/div>\n\n\t\n<\/div>\n<h5 class=\"uppercase\">Manual de conformidade &#8211; anima\u00e7\u00f5es<\/h5>\n<div class=\"row row-small row-dashed\"  id=\"row-956237535\">\n\n\t<div id=\"col-1197479120\" class=\"col medium-4 small-12 large-4\"  >\n\t\t\t\t<div class=\"col-inner\"  >\n\t\t\t\n\t\t\t\n<p>Introdu\u00e7\u00e3o<\/p>\n<div style=\"width: 600px;\" class=\"wp-video\"><video class=\"wp-video-shortcode\" id=\"video-8053-1\" width=\"600\" height=\"338\" preload=\"metadata\" controls=\"controls\"><source type=\"video\/mp4\" src=\"https:\/\/urh.spdmafiliadas.org.br\/wp-content\/uploads\/sites\/4\/2020\/09\/Manual-de-Conformidade-SPDM-Introduc\u0327a\u0303o-e-Abrange\u0302ncia-2.mp4?_=1\" \/><a href=\"https:\/\/urh.spdmafiliadas.org.br\/wp-content\/uploads\/sites\/4\/2020\/09\/Manual-de-Conformidade-SPDM-Introduc\u0327a\u0303o-e-Abrange\u0302ncia-2.mp4\">https:\/\/urh.spdmafiliadas.org.br\/wp-content\/uploads\/sites\/4\/2020\/09\/Manual-de-Conformidade-SPDM-Introduc\u0327a\u0303o-e-Abrange\u0302ncia-2.mp4<\/a><\/video><\/div>\n\t\t<\/div>\n\t\t\t\t\t<\/div>\n\n\t\n\n\t<div id=\"col-950302291\" class=\"col medium-4 small-12 large-4\"  >\n\t\t\t\t<div class=\"col-inner\"  >\n\t\t\t\n\t\t\t\n<p>Cap\u00edtulo 3 &#8211; Defini\u00e7\u00f5es | Conceitos<\/p>\n<div style=\"width: 600px;\" class=\"wp-video\"><video class=\"wp-video-shortcode\" id=\"video-8053-2\" width=\"600\" height=\"338\" preload=\"metadata\" controls=\"controls\"><source type=\"video\/mp4\" src=\"https:\/\/urh.spdmafiliadas.org.br\/wp-content\/uploads\/sites\/4\/2020\/09\/Capitulo-3-Definicoes-e-Conceitos-1.mp4?_=2\" \/><a href=\"https:\/\/urh.spdmafiliadas.org.br\/wp-content\/uploads\/sites\/4\/2020\/09\/Capitulo-3-Definicoes-e-Conceitos-1.mp4\">https:\/\/urh.spdmafiliadas.org.br\/wp-content\/uploads\/sites\/4\/2020\/09\/Capitulo-3-Definicoes-e-Conceitos-1.mp4<\/a><\/video><\/div>\n\t\t<\/div>\n\t\t\t\t\t<\/div>\n\n\t\n\n\t<div id=\"col-834707327\" class=\"col medium-4 small-12 large-4\"  >\n\t\t\t\t<div class=\"col-inner\"  >\n\t\t\t\n\t\t\t\n<p>Cap\u00edtulo 4 &#8211; Diretrizes Legais<\/p>\n<div style=\"width: 600px;\" class=\"wp-video\"><video class=\"wp-video-shortcode\" id=\"video-8053-3\" width=\"600\" height=\"338\" preload=\"metadata\" controls=\"controls\"><source type=\"video\/mp4\" src=\"https:\/\/urh.spdmafiliadas.org.br\/wp-content\/uploads\/sites\/4\/2020\/09\/Capitulo-4-Diretrizes-Legais-1.mp4?_=3\" \/><a href=\"https:\/\/urh.spdmafiliadas.org.br\/wp-content\/uploads\/sites\/4\/2020\/09\/Capitulo-4-Diretrizes-Legais-1.mp4\">https:\/\/urh.spdmafiliadas.org.br\/wp-content\/uploads\/sites\/4\/2020\/09\/Capitulo-4-Diretrizes-Legais-1.mp4<\/a><\/video><\/div>\n\t\t<\/div>\n\t\t\t\t\t<\/div>\n\n\t\n\n\t<div id=\"col-1478205400\" class=\"col medium-4 small-12 large-4\"  >\n\t\t\t\t<div class=\"col-inner\"  >\n\t\t\t\n\t\t\t\n<p>Cap\u00edtulo 5 &#8211; Da Governan\u00e7a Corporativa<\/p>\n<div style=\"width: 600px;\" class=\"wp-video\"><video class=\"wp-video-shortcode\" id=\"video-8053-4\" width=\"600\" height=\"338\" preload=\"metadata\" controls=\"controls\"><source type=\"video\/mp4\" src=\"https:\/\/urh.spdmafiliadas.org.br\/wp-content\/uploads\/sites\/4\/2020\/09\/Capitulo-5-Governanca-corporativa.mp4?_=4\" \/><a href=\"https:\/\/urh.spdmafiliadas.org.br\/wp-content\/uploads\/sites\/4\/2020\/09\/Capitulo-5-Governanca-corporativa.mp4\">https:\/\/urh.spdmafiliadas.org.br\/wp-content\/uploads\/sites\/4\/2020\/09\/Capitulo-5-Governanca-corporativa.mp4<\/a><\/video><\/div>\n\t\t<\/div>\n\t\t\t\t\t<\/div>\n\n\t\n\n\t<div id=\"col-1174520209\" class=\"col medium-4 small-12 large-4\"  >\n\t\t\t\t<div class=\"col-inner\"  >\n\t\t\t\n\t\t\t\n<p>Cap\u00edtulo 6 &#8211; Pol\u00edtica de Preven\u00e7\u00e3o e Detec\u00e7\u00e3o de Atos de Natureza Il\u00edcita<\/p>\n<div style=\"width: 600px;\" class=\"wp-video\"><video class=\"wp-video-shortcode\" id=\"video-8053-5\" width=\"600\" height=\"338\" preload=\"metadata\" controls=\"controls\"><source type=\"video\/mp4\" src=\"https:\/\/urh.spdmafiliadas.org.br\/wp-content\/uploads\/sites\/4\/2020\/09\/Capi\u0301tulo-6-Politicas-de-Prevenc\u0327a\u0303o-e-Detecc\u0327a\u0303o-de-Atos-de-Natureza-Ilicita.mp4?_=5\" \/><a href=\"https:\/\/urh.spdmafiliadas.org.br\/wp-content\/uploads\/sites\/4\/2020\/09\/Capi\u0301tulo-6-Politicas-de-Prevenc\u0327a\u0303o-e-Detecc\u0327a\u0303o-de-Atos-de-Natureza-Ilicita.mp4\">https:\/\/urh.spdmafiliadas.org.br\/wp-content\/uploads\/sites\/4\/2020\/09\/Capi\u0301tulo-6-Politicas-de-Prevenc\u0327a\u0303o-e-Detecc\u0327a\u0303o-de-Atos-de-Natureza-Ilicita.mp4<\/a><\/video><\/div>\n\t\t<\/div>\n\t\t\t\t\t<\/div>\n\n\t\n\n\t<div id=\"col-285251085\" class=\"col medium-4 small-12 large-4\"  >\n\t\t\t\t<div class=\"col-inner\"  >\n\t\t\t\n\t\t\t\n<p>Cap\u00edtulo 7 &#8211; Regras e Procedimentos | Na Conduta Pessoal<\/p>\n<div style=\"width: 600px;\" class=\"wp-video\"><video class=\"wp-video-shortcode\" id=\"video-8053-6\" width=\"600\" height=\"338\" preload=\"metadata\" controls=\"controls\"><source type=\"video\/mp4\" src=\"https:\/\/urh.spdmafiliadas.org.br\/wp-content\/uploads\/sites\/4\/2020\/09\/CAP-7.1-Manual-Conduta-pessoal.mp4?_=6\" \/><a href=\"https:\/\/urh.spdmafiliadas.org.br\/wp-content\/uploads\/sites\/4\/2020\/09\/CAP-7.1-Manual-Conduta-pessoal.mp4\">https:\/\/urh.spdmafiliadas.org.br\/wp-content\/uploads\/sites\/4\/2020\/09\/CAP-7.1-Manual-Conduta-pessoal.mp4<\/a><\/video><\/div>\n\t\t<\/div>\n\t\t\t\t\t<\/div>\n\n\t\n<\/div>\n<div class=\"row row-small row-dashed\"  id=\"row-215653483\">\n\n\t<div id=\"col-2066702278\" class=\"col medium-4 small-12 large-4\"  >\n\t\t\t\t<div class=\"col-inner\"  >\n\t\t\t\n\t\t\t\n<p>Cap\u00edtulo 7 &#8211; No Relacionamento com Funcion\u00e1rios<\/p>\n<div style=\"width: 600px;\" class=\"wp-video\"><video class=\"wp-video-shortcode\" id=\"video-8053-7\" width=\"600\" height=\"338\" preload=\"metadata\" controls=\"controls\"><source type=\"video\/mp4\" src=\"https:\/\/urh.spdmafiliadas.org.br\/wp-content\/uploads\/sites\/4\/2020\/09\/Capitulo-7.2-Relacionamento-com-Funcionarios.mp4?_=7\" \/><a href=\"https:\/\/urh.spdmafiliadas.org.br\/wp-content\/uploads\/sites\/4\/2020\/09\/Capitulo-7.2-Relacionamento-com-Funcionarios.mp4\">https:\/\/urh.spdmafiliadas.org.br\/wp-content\/uploads\/sites\/4\/2020\/09\/Capitulo-7.2-Relacionamento-com-Funcionarios.mp4<\/a><\/video><\/div>\n\t\t<\/div>\n\t\t\t\t\t<\/div>\n\n\t\n\n\t<div id=\"col-629005732\" class=\"col medium-4 small-12 large-4\"  >\n\t\t\t\t<div class=\"col-inner\"  >\n\t\t\t\n\t\t\t\n<p>Cap\u00edtulo 7 &#8211; Regras e Procedimentos | Nas Rela\u00e7\u00f5es Interpessoais<\/p>\n<div style=\"width: 600px;\" class=\"wp-video\"><video class=\"wp-video-shortcode\" id=\"video-8053-8\" width=\"600\" height=\"338\" preload=\"metadata\" controls=\"controls\"><source type=\"video\/mp4\" src=\"https:\/\/urh.spdmafiliadas.org.br\/wp-content\/uploads\/sites\/4\/2020\/09\/Capitulo-7.3-Nas-relacoes-interpessoais.mp4?_=8\" \/><a href=\"https:\/\/urh.spdmafiliadas.org.br\/wp-content\/uploads\/sites\/4\/2020\/09\/Capitulo-7.3-Nas-relacoes-interpessoais.mp4\">https:\/\/urh.spdmafiliadas.org.br\/wp-content\/uploads\/sites\/4\/2020\/09\/Capitulo-7.3-Nas-relacoes-interpessoais.mp4<\/a><\/video><\/div>\n\t\t<\/div>\n\t\t\t\t\t<\/div>\n\n\t\n\n\t<div id=\"col-291157246\" class=\"col medium-4 small-12 large-4\"  >\n\t\t\t\t<div class=\"col-inner\"  >\n\t\t\t\n\t\t\t\n<p>Cap\u00edtulo 7 &#8211; Regras e Procedimentos | Nas Rela\u00e7\u00f5es com Fornecedores e Prestadores<\/p>\n<div style=\"width: 600px;\" class=\"wp-video\"><video class=\"wp-video-shortcode\" id=\"video-8053-9\" width=\"600\" height=\"338\" preload=\"metadata\" controls=\"controls\"><source type=\"video\/mp4\" src=\"https:\/\/urh.spdmafiliadas.org.br\/wp-content\/uploads\/sites\/4\/2020\/09\/Capitulo-7.4-Relacoes-com-fornecedores-e-prestadores-de-servicos-.mp4?_=9\" \/><a href=\"https:\/\/urh.spdmafiliadas.org.br\/wp-content\/uploads\/sites\/4\/2020\/09\/Capitulo-7.4-Relacoes-com-fornecedores-e-prestadores-de-servicos-.mp4\">https:\/\/urh.spdmafiliadas.org.br\/wp-content\/uploads\/sites\/4\/2020\/09\/Capitulo-7.4-Relacoes-com-fornecedores-e-prestadores-de-servicos-.mp4<\/a><\/video><\/div>\n\t\t<\/div>\n\t\t\t\t\t<\/div>\n\n\t\n\n\t<div id=\"col-864253735\" class=\"col medium-4 small-12 large-4\"  >\n\t\t\t\t<div class=\"col-inner\"  >\n\t\t\t\n\t\t\t\n<p>Cap\u00edtulo 7 &#8211; Regras e Procedimentos | Nas Rela\u00e7\u00f5es com Parceiros Comerciais e Concorrentes<\/p>\n<div style=\"width: 600px;\" class=\"wp-video\"><video class=\"wp-video-shortcode\" id=\"video-8053-10\" width=\"600\" height=\"338\" preload=\"metadata\" controls=\"controls\"><source type=\"video\/mp4\" src=\"https:\/\/urh.spdmafiliadas.org.br\/wp-content\/uploads\/sites\/4\/2020\/09\/Capitulo-7.5-Relacoes-com-Parceiros-Comerciais-e-Concorrentes.mp4?_=10\" \/><a href=\"https:\/\/urh.spdmafiliadas.org.br\/wp-content\/uploads\/sites\/4\/2020\/09\/Capitulo-7.5-Relacoes-com-Parceiros-Comerciais-e-Concorrentes.mp4\">https:\/\/urh.spdmafiliadas.org.br\/wp-content\/uploads\/sites\/4\/2020\/09\/Capitulo-7.5-Relacoes-com-Parceiros-Comerciais-e-Concorrentes.mp4<\/a><\/video><\/div>\n\t\t<\/div>\n\t\t\t\t\t<\/div>\n\n\t\n\n\t<div id=\"col-2131270818\" class=\"col medium-4 small-12 large-4\"  >\n\t\t\t\t<div class=\"col-inner\"  >\n\t\t\t\n\t\t\t\n<p>Cap\u00edtulo 7 &#8211; Regras e Procedimentos | Livros e Registros<\/p>\n<div style=\"width: 600px;\" class=\"wp-video\"><video class=\"wp-video-shortcode\" id=\"video-8053-11\" width=\"600\" height=\"338\" preload=\"metadata\" controls=\"controls\"><source type=\"video\/mp4\" src=\"https:\/\/urh.spdmafiliadas.org.br\/wp-content\/uploads\/sites\/4\/2020\/09\/Capi\u0301tulo-7.6-Regras-e-Procedimentos-Livros-e-Registros.mp4?_=11\" \/><a href=\"https:\/\/urh.spdmafiliadas.org.br\/wp-content\/uploads\/sites\/4\/2020\/09\/Capi\u0301tulo-7.6-Regras-e-Procedimentos-Livros-e-Registros.mp4\">https:\/\/urh.spdmafiliadas.org.br\/wp-content\/uploads\/sites\/4\/2020\/09\/Capi\u0301tulo-7.6-Regras-e-Procedimentos-Livros-e-Registros.mp4<\/a><\/video><\/div>\n\t\t<\/div>\n\t\t\t\t\t<\/div>\n\n\t\n\n\t<div id=\"col-320643097\" class=\"col medium-4 small-12 large-4\"  >\n\t\t\t\t<div class=\"col-inner\"  >\n\t\t\t\n\t\t\t\n<p>Cap\u00edtulo 7 &#8211; Regras e Procedimentos | Nas Rela\u00e7\u00f5es com Entes Governamentais e Representantes de Classe<\/p>\n<div style=\"width: 600px;\" class=\"wp-video\"><video class=\"wp-video-shortcode\" id=\"video-8053-12\" width=\"600\" height=\"338\" preload=\"metadata\" controls=\"controls\"><source type=\"video\/mp4\" src=\"https:\/\/urh.spdmafiliadas.org.br\/wp-content\/uploads\/sites\/4\/2020\/09\/Capi\u0301tulo-7.7-Regras-e-Procedimentos-Relac\u0327o\u0303es-com-Entes-Governamentais-e-Representantes-de-Classe.mp4?_=12\" \/><a href=\"https:\/\/urh.spdmafiliadas.org.br\/wp-content\/uploads\/sites\/4\/2020\/09\/Capi\u0301tulo-7.7-Regras-e-Procedimentos-Relac\u0327o\u0303es-com-Entes-Governamentais-e-Representantes-de-Classe.mp4\">https:\/\/urh.spdmafiliadas.org.br\/wp-content\/uploads\/sites\/4\/2020\/09\/Capi\u0301tulo-7.7-Regras-e-Procedimentos-Relac\u0327o\u0303es-com-Entes-Governamentais-e-Representantes-de-Classe.mp4<\/a><\/video><\/div>\n\t\t<\/div>\n\t\t\t\t\t<\/div>\n\n\t\n<\/div>\n<div class=\"row row-dashed\"  id=\"row-835776589\">\n\n\t<div id=\"col-465600078\" class=\"col medium-4 small-12 large-4\"  >\n\t\t\t\t<div class=\"col-inner\"  >\n\t\t\t\n\t\t\t\n<p>Cap\u00edtulo 7 &#8211; Regras e Procedimentos | Seguran\u00e7a Ocupacional e Meio Ambiente<\/p>\n<div style=\"width: 600px;\" class=\"wp-video\"><video class=\"wp-video-shortcode\" id=\"video-8053-13\" width=\"600\" height=\"338\" preload=\"metadata\" controls=\"controls\"><source type=\"video\/mp4\" src=\"https:\/\/urh.spdmafiliadas.org.br\/wp-content\/uploads\/sites\/4\/2020\/09\/Capi\u0301tulo-7.8-Regras-e-Procedimentos-Seguranca-Ocupacional-e-Meio-Ambiente.mp4?_=13\" \/><a href=\"https:\/\/urh.spdmafiliadas.org.br\/wp-content\/uploads\/sites\/4\/2020\/09\/Capi\u0301tulo-7.8-Regras-e-Procedimentos-Seguranca-Ocupacional-e-Meio-Ambiente.mp4\">https:\/\/urh.spdmafiliadas.org.br\/wp-content\/uploads\/sites\/4\/2020\/09\/Capi\u0301tulo-7.8-Regras-e-Procedimentos-Seguranca-Ocupacional-e-Meio-Ambiente.mp4<\/a><\/video><\/div>\n\t\t<\/div>\n\t\t\t\t\t<\/div>\n\n\t\n\n\t<div id=\"col-1580704806\" class=\"col medium-4 small-12 large-4\"  >\n\t\t\t\t<div class=\"col-inner\"  >\n\t\t\t\n\t\t\t\n<p>Cap\u00edtulo 7 &#8211; Regras e Procedimentos | Na Utiliza\u00e7\u00e3o de Informa\u00e7\u00f5es<\/p>\n<div style=\"width: 600px;\" class=\"wp-video\"><video class=\"wp-video-shortcode\" id=\"video-8053-14\" width=\"600\" height=\"338\" preload=\"metadata\" controls=\"controls\"><source type=\"video\/mp4\" src=\"https:\/\/urh.spdmafiliadas.org.br\/wp-content\/uploads\/sites\/4\/2020\/09\/Capi\u0301tulo-7-Regras-e-Procedimentos-Utilizac\u0327a\u0303o-de-Informac\u0327o\u0303es.mp4?_=14\" \/><a href=\"https:\/\/urh.spdmafiliadas.org.br\/wp-content\/uploads\/sites\/4\/2020\/09\/Capi\u0301tulo-7-Regras-e-Procedimentos-Utilizac\u0327a\u0303o-de-Informac\u0327o\u0303es.mp4\">https:\/\/urh.spdmafiliadas.org.br\/wp-content\/uploads\/sites\/4\/2020\/09\/Capi\u0301tulo-7-Regras-e-Procedimentos-Utilizac\u0327a\u0303o-de-Informac\u0327o\u0303es.mp4<\/a><\/video><\/div>\n\t\t<\/div>\n\t\t\t\t\t<\/div>\n\n\t\n\n\t<div id=\"col-923203042\" class=\"col medium-4 small-12 large-4\"  >\n\t\t\t\t<div class=\"col-inner\"  >\n\t\t\t\n\t\t\t\n<p>Cap\u00edtulo 7 &#8211; Regras e Procedimentos | Imagem Institucional e Reputa\u00e7\u00e3o<\/p>\n<div style=\"width: 600px;\" class=\"wp-video\"><video class=\"wp-video-shortcode\" id=\"video-8053-15\" width=\"600\" height=\"338\" preload=\"metadata\" controls=\"controls\"><source type=\"video\/mp4\" src=\"http:\/\/urh.spdmafiliadas.org.br\/wp-content\/uploads\/sites\/4\/2020\/09\/Capi\u0301tulo-7.10-Regras-e-Procedimentos-Imagem-Institucional-e-Reputac\u0327a\u0303o.mp4?_=15\" \/><a href=\"http:\/\/urh.spdmafiliadas.org.br\/wp-content\/uploads\/sites\/4\/2020\/09\/Capi\u0301tulo-7.10-Regras-e-Procedimentos-Imagem-Institucional-e-Reputac\u0327a\u0303o.mp4\">http:\/\/urh.spdmafiliadas.org.br\/wp-content\/uploads\/sites\/4\/2020\/09\/Capi\u0301tulo-7.10-Regras-e-Procedimentos-Imagem-Institucional-e-Reputac\u0327a\u0303o.mp4<\/a><\/video><\/div>\n\t\t<\/div>\n\t\t\t\t\t<\/div>\n\n\t\n\n\t<div id=\"col-1905175743\" class=\"col medium-4 small-12 large-4\"  >\n\t\t\t\t<div class=\"col-inner\"  >\n\t\t\t\n\t\t\t\n<p>Cap\u00edtulo 7 &#8211; Regras e Procedimentos | Dos Recursos Gerenciados pela SPDM<\/p>\n<div style=\"width: 600px;\" class=\"wp-video\"><video class=\"wp-video-shortcode\" id=\"video-8053-16\" width=\"600\" height=\"338\" preload=\"metadata\" controls=\"controls\"><source type=\"video\/mp4\" src=\"https:\/\/urh.spdmafiliadas.org.br\/wp-content\/uploads\/sites\/4\/2020\/09\/Capi\u0301tulo-7.11-Regras-e-Procedimentos-Dos-Recursos-Gerenciados-pela-SPDM.mp4?_=16\" \/><a href=\"https:\/\/urh.spdmafiliadas.org.br\/wp-content\/uploads\/sites\/4\/2020\/09\/Capi\u0301tulo-7.11-Regras-e-Procedimentos-Dos-Recursos-Gerenciados-pela-SPDM.mp4\">https:\/\/urh.spdmafiliadas.org.br\/wp-content\/uploads\/sites\/4\/2020\/09\/Capi\u0301tulo-7.11-Regras-e-Procedimentos-Dos-Recursos-Gerenciados-pela-SPDM.mp4<\/a><\/video><\/div>\n\t\t<\/div>\n\t\t\t\t\t<\/div>\n\n\t\n\n\t<div id=\"col-606351697\" class=\"col medium-4 small-12 large-4\"  >\n\t\t\t\t<div class=\"col-inner\"  >\n\t\t\t\n\t\t\t\n<p>Cap\u00edtulo 7 &#8211; Regras e Procedimentos | Gest\u00e3o Financeira<\/p>\n<div style=\"width: 600px;\" class=\"wp-video\"><video class=\"wp-video-shortcode\" id=\"video-8053-17\" width=\"600\" height=\"338\" preload=\"metadata\" controls=\"controls\"><source type=\"video\/mp4\" src=\"https:\/\/urh.spdmafiliadas.org.br\/wp-content\/uploads\/sites\/4\/2020\/09\/Capi\u0301tulo-7.12-Regras-e-Procedimentos-Gesta\u0303o-Financeira.mp4?_=17\" \/><a href=\"https:\/\/urh.spdmafiliadas.org.br\/wp-content\/uploads\/sites\/4\/2020\/09\/Capi\u0301tulo-7.12-Regras-e-Procedimentos-Gesta\u0303o-Financeira.mp4\">https:\/\/urh.spdmafiliadas.org.br\/wp-content\/uploads\/sites\/4\/2020\/09\/Capi\u0301tulo-7.12-Regras-e-Procedimentos-Gesta\u0303o-Financeira.mp4<\/a><\/video><\/div>\n\t\t<\/div>\n\t\t\t\t\t<\/div>\n\n\t\n\n\t<div id=\"col-1065915377\" class=\"col medium-4 small-12 large-4\"  >\n\t\t\t\t<div class=\"col-inner\"  >\n\t\t\t\n\t\t\t\n<p>Cap\u00edtulo 7 &#8211; Regras e Procedimentos | Sinais de Alerta<\/p>\n<div style=\"width: 600px;\" class=\"wp-video\"><video class=\"wp-video-shortcode\" id=\"video-8053-18\" width=\"600\" height=\"338\" preload=\"metadata\" controls=\"controls\"><source type=\"video\/mp4\" src=\"https:\/\/urh.spdmafiliadas.org.br\/wp-content\/uploads\/sites\/4\/2020\/09\/Capi\u0301tulo-7.13-Regras-e-Procedimentos-Sinais-de-Alerta.mp4?_=18\" \/><a href=\"https:\/\/urh.spdmafiliadas.org.br\/wp-content\/uploads\/sites\/4\/2020\/09\/Capi\u0301tulo-7.13-Regras-e-Procedimentos-Sinais-de-Alerta.mp4\">https:\/\/urh.spdmafiliadas.org.br\/wp-content\/uploads\/sites\/4\/2020\/09\/Capi\u0301tulo-7.13-Regras-e-Procedimentos-Sinais-de-Alerta.mp4<\/a><\/video><\/div>\n\t\t<\/div>\n\t\t\t\t\t<\/div>\n\n\t\n<\/div>\n<div class=\"row row-small row-dashed\"  id=\"row-955425838\">\n\n\t<div id=\"col-1977111223\" class=\"col medium-4 small-12 large-4\"  >\n\t\t\t\t<div class=\"col-inner\"  >\n\t\t\t\n\t\t\t\n<p>Cap\u00edtulo 8 &#8211; Viola\u00e7\u00f5es e San\u00e7\u00f5es Aplic\u00e1veis<\/p>\n<div style=\"width: 600px;\" class=\"wp-video\"><video class=\"wp-video-shortcode\" id=\"video-8053-19\" width=\"600\" height=\"338\" preload=\"metadata\" controls=\"controls\"><source type=\"video\/mp4\" src=\"https:\/\/urh.spdmafiliadas.org.br\/wp-content\/uploads\/sites\/4\/2020\/09\/Capi\u0301tulo-8-Violac\u0327o\u0303es-e-Sanc\u0327o\u0303es-Aplicaveis.mp4?_=19\" \/><a href=\"https:\/\/urh.spdmafiliadas.org.br\/wp-content\/uploads\/sites\/4\/2020\/09\/Capi\u0301tulo-8-Violac\u0327o\u0303es-e-Sanc\u0327o\u0303es-Aplicaveis.mp4\">https:\/\/urh.spdmafiliadas.org.br\/wp-content\/uploads\/sites\/4\/2020\/09\/Capi\u0301tulo-8-Violac\u0327o\u0303es-e-Sanc\u0327o\u0303es-Aplicaveis.mp4<\/a><\/video><\/div>\n\t\t<\/div>\n\t\t\t\t\t<\/div>\n\n\t\n\n\t<div id=\"col-856674804\" class=\"col medium-4 small-12 large-4\"  >\n\t\t\t\t<div class=\"col-inner\"  >\n\t\t\t\n\t\t\t\n<p>Cap\u00edtulo 9 &#8211; Das Proibi\u00e7\u00f5es<\/p>\n<div style=\"width: 600px;\" class=\"wp-video\"><video class=\"wp-video-shortcode\" id=\"video-8053-20\" width=\"600\" height=\"338\" preload=\"metadata\" controls=\"controls\"><source type=\"video\/mp4\" src=\"https:\/\/urh.spdmafiliadas.org.br\/wp-content\/uploads\/sites\/4\/2020\/09\/Capi\u0301tulo-9-Proibic\u0327o\u0303es.mp4?_=20\" \/><a href=\"https:\/\/urh.spdmafiliadas.org.br\/wp-content\/uploads\/sites\/4\/2020\/09\/Capi\u0301tulo-9-Proibic\u0327o\u0303es.mp4\">https:\/\/urh.spdmafiliadas.org.br\/wp-content\/uploads\/sites\/4\/2020\/09\/Capi\u0301tulo-9-Proibic\u0327o\u0303es.mp4<\/a><\/video><\/div>\n\t\t<\/div>\n\t\t\t\t\t<\/div>\n\n\t\n\n\t<div id=\"col-633702673\" class=\"col medium-4 small-12 large-4\"  >\n\t\t\t\t<div class=\"col-inner\"  >\n\t\t\t\n\t\t\t\n<p>Cap\u00edtulo 10 &#8211; Dos Canais de Comunica\u00e7\u00e3o e de Apura\u00e7\u00e3o<\/p>\n<div style=\"width: 600px;\" class=\"wp-video\"><video class=\"wp-video-shortcode\" id=\"video-8053-21\" width=\"600\" height=\"338\" preload=\"metadata\" controls=\"controls\"><source type=\"video\/mp4\" src=\"https:\/\/urh.spdmafiliadas.org.br\/wp-content\/uploads\/sites\/4\/2020\/09\/Capi\u0301tulo-10.-Dos-Canais-de-Comunicac\u0327a\u0303o-e-de-Apurac\u0327a\u0303o.mp4?_=21\" \/><a href=\"https:\/\/urh.spdmafiliadas.org.br\/wp-content\/uploads\/sites\/4\/2020\/09\/Capi\u0301tulo-10.-Dos-Canais-de-Comunicac\u0327a\u0303o-e-de-Apurac\u0327a\u0303o.mp4\">https:\/\/urh.spdmafiliadas.org.br\/wp-content\/uploads\/sites\/4\/2020\/09\/Capi\u0301tulo-10.-Dos-Canais-de-Comunicac\u0327a\u0303o-e-de-Apurac\u0327a\u0303o.mp4<\/a><\/video><\/div>\n\t\t<\/div>\n\t\t\t\t\t<\/div>\n\n\t\n\n\t<div id=\"col-1982340857\" class=\"col medium-4 small-12 large-4\"  >\n\t\t\t\t<div class=\"col-inner\"  >\n\t\t\t\n\t\t\t\n<p>Cap\u00edtulo 11 &#8211; Disposi\u00e7\u00f5es Gerais<\/p>\n<div style=\"width: 600px;\" class=\"wp-video\"><video class=\"wp-video-shortcode\" id=\"video-8053-22\" width=\"600\" height=\"338\" preload=\"metadata\" controls=\"controls\"><source type=\"video\/mp4\" src=\"https:\/\/urh.spdmafiliadas.org.br\/wp-content\/uploads\/sites\/4\/2020\/09\/Capi\u0301tulo-11-Disposic\u0327o\u0303es-Gerais.mp4?_=22\" \/><a href=\"https:\/\/urh.spdmafiliadas.org.br\/wp-content\/uploads\/sites\/4\/2020\/09\/Capi\u0301tulo-11-Disposic\u0327o\u0303es-Gerais.mp4\">https:\/\/urh.spdmafiliadas.org.br\/wp-content\/uploads\/sites\/4\/2020\/09\/Capi\u0301tulo-11-Disposic\u0327o\u0303es-Gerais.mp4<\/a><\/video><\/div>\n\t\t<\/div>\n\t\t\t\t\t<\/div>\n\n\t\n\n\t<div id=\"col-78131307\" class=\"col medium-4 small-12 large-4\"  >\n\t\t\t\t<div class=\"col-inner\"  >\n\t\t\t\n\t\t\t\n\t\t<\/div>\n\t\t\t\t\t<\/div>\n\n\t\n\n\t<div id=\"col-565855196\" class=\"col medium-4 small-12 large-4\"  >\n\t\t\t\t<div class=\"col-inner\"  >\n\t\t\t\n\t\t\t\n\t\t<\/div>\n\t\t\t\t\t<\/div>\n\n\t\n<\/div>\n","protected":false},"excerpt":{"rendered":"<p>Manual de conformidade &#8211; anima\u00e7\u00f5es<\/p>\n","protected":false},"author":14,"featured_media":0,"parent":0,"menu_order":0,"comment_status":"closed","ping_status":"closed","template":"","meta":{"footnotes":""},"class_list":["post-8053","page","type-page","status-publish","hentry"],"_links":{"self":[{"href":"https:\/\/ccdq.animaker.com.br\/index.php?rest_route=\/wp\/v2\/pages\/8053","targetHints":{"allow":["GET"]}}],"collection":[{"href":"https:\/\/ccdq.animaker.com.br\/index.php?rest_route=\/wp\/v2\/pages"}],"about":[{"href":"https:\/\/ccdq.animaker.com.br\/index.php?rest_route=\/wp\/v2\/types\/page"}],"author":[{"embeddable":true,"href":"https:\/\/ccdq.animaker.com.br\/index.php?rest_route=\/wp\/v2\/users\/14"}],"replies":[{"embeddable":true,"href":"https:\/\/ccdq.animaker.com.br\/index.php?rest_route=%2Fwp%2Fv2%2Fcomments&post=8053"}],"version-history":[{"count":0,"href":"https:\/\/ccdq.animaker.com.br\/index.php?rest_route=\/wp\/v2\/pages\/8053\/revisions"}],"wp:attachment":[{"href":"https:\/\/ccdq.animaker.com.br\/index.php?rest_route=%2Fwp%2Fv2%2Fmedia&parent=8053"}],"curies":[{"name":"wp","href":"https:\/\/api.w.org\/{rel}","templated":true}]}}