{"id":7731,"date":"2019-11-27T21:26:32","date_gmt":"2019-11-27T21:26:32","guid":{"rendered":"http:\/\/2urh.animaker.com.br\/?page_id=7731"},"modified":"2025-04-07T13:35:15","modified_gmt":"2025-04-07T13:35:15","slug":"internacao","status":"publish","type":"page","link":"https:\/\/ccdq.animaker.com.br\/?page_id=7731","title":{"rendered":"Interna\u00e7\u00e3o"},"content":{"rendered":"\n<div class=\"container section-title-container\" ><h3 class=\"section-title section-title-normal\"><b aria-hidden=\"true\"><\/b><span class=\"section-title-main\" >Interna\u00e7\u00e3o Unidade II<\/span><b aria-hidden=\"true\"><\/b><\/h3><\/div>\n\n<div class=\"row\"  id=\"row-1037576738\">\n\n\n\t<div id=\"col-917272422\" class=\"col small-12 large-12\"  >\n\t\t\t\t<div class=\"col-inner\"  >\n\t\t\t\n\t\t\t\n\n<p style=\"text-align: justify;\"><span style=\"font-size: 75%;\"><button id=\"bb1\" type=\"button\" value=\"Play\" class=\"responsivevoice-button\" title=\"ResponsiveVoice Tap to Start\/Stop Speech\"><span>&#128266; Ouvir<\/span><\/button>\n        <script>\n            bb1.onclick = function(){\n                if(responsiveVoice.isPlaying()){\n                    responsiveVoice.cancel();\n                }else{\n                    responsiveVoice.speak(\"O objetivo da enfermaria de desintoxica\u00e7\u00e3o \u00e9 atender os usu\u00e1rios de subst\u00e2ncias psicoativas que necessitam de avalia\u00e7\u00e3o e acompanhamento m\u00e9dico e multidisciplinar intensivo, incluindo tratamento farmacol\u00f3gico, acompanhamento psicol\u00f3gico (individual e em grupo) atividades ocupacionais, desenvolvimento de redes sociais\/familiares e preven\u00e7\u00e3o de reca\u00edda. A interna\u00e7\u00e3o na enfermaria de desintoxica\u00e7\u00e3o \u00e9 indicada para indiv\u00edduos que apresentam sintomas de abstin\u00eancia de dif\u00edcil manejo ambulatorial. Podem apresentar complica\u00e7\u00f5es e comorbidades f\u00edsicas e mentais, comprometendo o seu funcionamento global e dificultando sua determina\u00e7\u00e3o para abstin\u00eancia. Outras poss\u00edveis indica\u00e7\u00f5es s\u00e3o as usu\u00e1rias de subst\u00e2ncias psicoativas gestantes em situa\u00e7\u00e3o de vulnerabilidade,\u00a0 ou quando h\u00e1 dificuldade na ades\u00e3o e manuten\u00e7\u00e3o do tratamento ambulatorial em rela\u00e7\u00e3o de isolamento social excessivo, falta de apoio familiar e suporte social.\u00a0 Este \u00e9 um servi\u00e7o de interna\u00e7\u00e3o que recebe pacientes provenientes da Unidade I do Complexo de Cuidados e funciona 24 horas por dia nos 7 dias da semana.\", \"Brazilian Portuguese Female\");\n                }\n            };\n        <\/script>\n    <\/span><span style=\"font-weight: 400;\">O objetivo da enfermaria de desintoxica\u00e7\u00e3o \u00e9 atender os usu\u00e1rios de subst\u00e2ncias psicoativas que necessitam de avalia\u00e7\u00e3o e acompanhamento m\u00e9dico e multidisciplinar intensivo, incluindo tratamento farmacol\u00f3gico, acompanhamento psicol\u00f3gico (individual e em grupo) atividades ocupacionais, desenvolvimento de redes sociais\/familiares e preven\u00e7\u00e3o de reca\u00edda.<\/span><\/p>\n<p style=\"text-align: justify;\"><span style=\"font-weight: 400;\">A interna\u00e7\u00e3o na enfermaria de desintoxica\u00e7\u00e3o \u00e9 indicada para indiv\u00edduos que apresentam sintomas de abstin\u00eancia de dif\u00edcil manejo ambulatorial. Podem apresentar complica\u00e7\u00f5es e comorbidades f\u00edsicas e mentais, comprometendo o seu funcionamento global e dificultando sua determina\u00e7\u00e3o para abstin\u00eancia.<\/span><\/p>\n<p style=\"text-align: justify;\"><span style=\"font-weight: 400;\">Outras poss\u00edveis indica\u00e7\u00f5es s\u00e3o as usu\u00e1rias de subst\u00e2ncias psicoativas gestantes em situa\u00e7\u00e3o de vulnerabilidade,\u00a0 ou quando h\u00e1 dificuldade na ades\u00e3o e manuten\u00e7\u00e3o do tratamento ambulatorial em rela\u00e7\u00e3o de isolamento social excessivo, falta de apoio familiar e suporte social.\u00a0<\/span><\/p>\n<p style=\"text-align: justify;\"><span style=\"font-weight: 400;\">Este \u00e9 um servi\u00e7o de interna\u00e7\u00e3o que recebe pacientes provenientes da Unidade I do Complexo de Cuidados e funciona 24 horas por dia nos 7 dias da semana.<\/span><\/p>\n<p style=\"text-align: justify;\">\n\n\t\t<\/div>\n\t\t\t\t\t<\/div>\n\n\t\n\n<\/div>\n\n","protected":false},"excerpt":{"rendered":"","protected":false},"author":14,"featured_media":0,"parent":0,"menu_order":0,"comment_status":"closed","ping_status":"closed","template":"","meta":{"footnotes":""},"class_list":["post-7731","page","type-page","status-publish","hentry"],"_links":{"self":[{"href":"https:\/\/ccdq.animaker.com.br\/index.php?rest_route=\/wp\/v2\/pages\/7731","targetHints":{"allow":["GET"]}}],"collection":[{"href":"https:\/\/ccdq.animaker.com.br\/index.php?rest_route=\/wp\/v2\/pages"}],"about":[{"href":"https:\/\/ccdq.animaker.com.br\/index.php?rest_route=\/wp\/v2\/types\/page"}],"author":[{"embeddable":true,"href":"https:\/\/ccdq.animaker.com.br\/index.php?rest_route=\/wp\/v2\/users\/14"}],"replies":[{"embeddable":true,"href":"https:\/\/ccdq.animaker.com.br\/index.php?rest_route=%2Fwp%2Fv2%2Fcomments&post=7731"}],"version-history":[{"count":0,"href":"https:\/\/ccdq.animaker.com.br\/index.php?rest_route=\/wp\/v2\/pages\/7731\/revisions"}],"wp:attachment":[{"href":"https:\/\/ccdq.animaker.com.br\/index.php?rest_route=%2Fwp%2Fv2%2Fmedia&parent=7731"}],"curies":[{"name":"wp","href":"https:\/\/api.w.org\/{rel}","templated":true}]}}