{"id":7557,"date":"2015-08-09T18:37:54","date_gmt":"2015-08-09T21:37:54","guid":{"rendered":"http:\/\/crlmsjc.animaker.com.br\/?page_id=6733"},"modified":"2015-08-09T18:37:54","modified_gmt":"2015-08-09T21:37:54","slug":"tecnologia","status":"publish","type":"page","link":"https:\/\/ccdq.animaker.com.br\/?page_id=7557","title":{"rendered":"Tecnologia e Aprimoramento"},"content":{"rendered":"<div class=\"container section-title-container\" ><h3 class=\"section-title section-title-normal\"><b aria-hidden=\"true\"><\/b><span class=\"section-title-main\" >Tecnologia e Aprimoramento<\/span><b aria-hidden=\"true\"><\/b><\/h3><\/div>\n<div class=\"row\"  id=\"row-1637799475\">\n\n\t<div id=\"col-1883680238\" class=\"col small-12 large-12\"  >\n\t\t\t\t<div class=\"col-inner\"  >\n\t\t\t\n\t\t\t\n<h4>Tecnologia<\/h4>\n<p style=\"text-align: justify\"><span style=\"font-size: 75%\"><button id=\"bb1\" type=\"button\" value=\"Play\" class=\"responsivevoice-button\" title=\"ResponsiveVoice Tap to Start\/Stop Speech\"><span>&#128266; Ouvir<\/span><\/button>\n        <script>\n            bb1.onclick = function(){\n                if(responsiveVoice.isPlaying()){\n                    responsiveVoice.cancel();\n                }else{\n                    responsiveVoice.speak(\"A fim de criar um ambiente moderno e seguro para melhor atender aos seus usu\u00e1rios, a\u00a0Unidade Recome\u00e7o Helv\u00e9tia tem investido na incorpora\u00e7\u00e3o de tecnologias em seus processos, destacando- se:\u00a0\", \"Brazilian Portuguese Female\");\n                }\n            };\n        <\/script>\n    <\/span>A fim de criar um ambiente moderno e seguro para melhor atender aos seus usu\u00e1rios, a\u00a0Unidade Recome\u00e7o Helv\u00e9tia tem investido na incorpora\u00e7\u00e3o de tecnologias em seus processos, destacando- se:\u00a0<span style=\"font-size: 14.4px\"><\/span><\/p>\n<div class=\"accordion\">\n\t<div id=\"accordion-2886534676\" class=\"accordion-item\">\n\t\t<a id=\"accordion-2886534676-label\" class=\"accordion-title plain\" href=\"#accordion-item-sistemas-erp-backoffice\" aria-expanded=\"false\" aria-controls=\"accordion-2886534676-content\">\n\t\t\t<button class=\"toggle\" aria-label=\"Toggle\"><i class=\"icon-angle-down\" aria-hidden=\"true\"><\/i><\/button>\n\t\t\t<span>Sistemas ERP Backoffice<\/span>\n\t\t<\/a>\n\t\t<div id=\"accordion-2886534676-content\" class=\"accordion-inner\" aria-labelledby=\"accordion-2886534676-label\">\n\t\t\t\n<p style=\"text-align: justify\"><span style=\"font-size: 75%\"><button id=\"bb2\" type=\"button\" value=\"Play\" class=\"responsivevoice-button\" title=\"ResponsiveVoice Tap to Start\/Stop Speech\"><span>&#128266; Ouvir<\/span><\/button>\n        <script>\n            bb2.onclick = function(){\n                if(responsiveVoice.isPlaying()){\n                    responsiveVoice.cancel();\n                }else{\n                    responsiveVoice.speak(\"O sistema de informa\u00e7\u00e3o hospitalar, um dos mais modernos e completos softwares de gest\u00e3o de sa\u00fade, possui m\u00f3dulos totalmente integrados que disponibilizam recursos e procedimentos para um gerenciamento eficiente das informa\u00e7\u00f5es e um alto desempenho nas atividades, tanto operacionais quanto a estrat\u00e9gicas, al\u00e9m de garantir total seguran\u00e7a de dados e acessos.\", \"Brazilian Portuguese Female\");\n                }\n            };\n        <\/script>\n    <\/span>O sistema de informa\u00e7\u00e3o hospitalar, um dos mais modernos e completos softwares de gest\u00e3o de sa\u00fade, possui m\u00f3dulos totalmente integrados que disponibilizam recursos e procedimentos para um gerenciamento eficiente das informa\u00e7\u00f5es e um alto desempenho nas atividades, tanto operacionais quanto a estrat\u00e9gicas, al\u00e9m de garantir total seguran\u00e7a de dados e acessos.<\/p>\n<p style=\"text-align: justify\">\n\t\t<\/div>\n\t<\/div>\n\t\n\t<div id=\"accordion-196110102\" class=\"accordion-item\">\n\t\t<a id=\"accordion-196110102-label\" class=\"accordion-title plain\" href=\"#accordion-item-sistemas-rh\" aria-expanded=\"false\" aria-controls=\"accordion-196110102-content\">\n\t\t\t<button class=\"toggle\" aria-label=\"Toggle\"><i class=\"icon-angle-down\" aria-hidden=\"true\"><\/i><\/button>\n\t\t\t<span>Sistemas RH<\/span>\n\t\t<\/a>\n\t\t<div id=\"accordion-196110102-content\" class=\"accordion-inner\" aria-labelledby=\"accordion-196110102-label\">\n\t\t\t\n<p style=\"text-align: justify\"><span style=\"font-size: 75%\"><button id=\"bb3\" type=\"button\" value=\"Play\" class=\"responsivevoice-button\" title=\"ResponsiveVoice Tap to Start\/Stop Speech\"><span>&#128266; Ouvir<\/span><\/button>\n        <script>\n            bb3.onclick = function(){\n                if(responsiveVoice.isPlaying()){\n                    responsiveVoice.cancel();\n                }else{\n                    responsiveVoice.speak(\"Sistema utilizado no RH para processamento de admiss\u00f5es, demiss\u00f5es, folha de pagamentos, f\u00e9rias, vale transporte e relat\u00f3rios diversos.\", \"Brazilian Portuguese Female\");\n                }\n            };\n        <\/script>\n    <\/span>Sistema utilizado no RH para processamento de admiss\u00f5es, demiss\u00f5es, folha de pagamentos, f\u00e9rias, vale transporte e relat\u00f3rios diversos.<\/p>\n<p style=\"text-align: justify\">\n\t\t<\/div>\n\t<\/div>\n\t\n\t<div id=\"accordion-76802799\" class=\"accordion-item\">\n\t\t<a id=\"accordion-76802799-label\" class=\"accordion-title plain\" href=\"#accordion-item-transmiss\u00e3o-de-eventos\" aria-expanded=\"false\" aria-controls=\"accordion-76802799-content\">\n\t\t\t<button class=\"toggle\" aria-label=\"Toggle\"><i class=\"icon-angle-down\" aria-hidden=\"true\"><\/i><\/button>\n\t\t\t<span>Transmiss\u00e3o de Eventos<\/span>\n\t\t<\/a>\n\t\t<div id=\"accordion-76802799-content\" class=\"accordion-inner\" aria-labelledby=\"accordion-76802799-label\">\n\t\t\t\n<p style=\"text-align: justify\"><span style=\"font-size: 75%\"><button id=\"bb4\" type=\"button\" value=\"Play\" class=\"responsivevoice-button\" title=\"ResponsiveVoice Tap to Start\/Stop Speech\"><span>&#128266; Ouvir<\/span><\/button>\n        <script>\n            bb4.onclick = function(){\n                if(responsiveVoice.isPlaying()){\n                    responsiveVoice.cancel();\n                }else{\n                    responsiveVoice.speak(\"Destaca-se a transmiss\u00e3o de \u00c1udio e V\u00eddeo para eventos e treinamentos ao vivo, difundido conhecimento e maximizando nossos recursos.\", \"Brazilian Portuguese Female\");\n                }\n            };\n        <\/script>\n    <\/span>Destaca-se a transmiss\u00e3o de \u00c1udio e V\u00eddeo para eventos e treinamentos ao vivo, difundido conhecimento e maximizando nossos recursos.<\/p>\n<p style=\"text-align: justify\">\n\t\t<\/div>\n\t<\/div>\n\t\n<\/div>\n\t\t<\/div>\n\t\t\t\t\t<\/div>\n\n\t\n\n\t<div id=\"col-1822594755\" class=\"col small-12 large-12\"  >\n\t\t\t\t<div class=\"col-inner\"  >\n\t\t\t\n\t\t\t\n<h4 style=\"text-align: justify\">Aprimoramento<\/h4>\n<p style=\"text-align: justify\"><span style=\"font-size: 75%\"><button id=\"bb5\" type=\"button\" value=\"Play\" class=\"responsivevoice-button\" title=\"ResponsiveVoice Tap to Start\/Stop Speech\"><span>&#128266; Ouvir<\/span><\/button>\n        <script>\n            bb5.onclick = function(){\n                if(responsiveVoice.isPlaying()){\n                    responsiveVoice.cancel();\n                }else{\n                    responsiveVoice.speak(\"Educa\u00e7\u00e3o Continuada na Psiquiatria \u2013 CRATOD e Recome\u00e7o Helvetia: A Educa\u00e7\u00e3o Continuada na Psiquiatria atua junto a Equipe de Enfermagem, Multiprofissional e de Conselheiros em Depend\u00eancia Qu\u00edmica. Tem como proposta principal o desenvolvimento do corpo de profissionais em a\u00e7\u00f5es espec\u00edficas e de grande import\u00e2ncia na psiquiatria, entre elas: t\u00e9cnicas de comunica\u00e7\u00e3o, abordagem verbal, seguran\u00e7a do paciente e conhecimentos da \u00e1rea. \u00a0 Um dos pontos cr\u00edticos encontrado na atua\u00e7\u00e3o junto ao colaborador da \u00e1rea de sa\u00fade mental e psiquiatria \u00e9 a forma\u00e7\u00e3o incipiente quanto a especialidade e, o preconceito e estigma que a popula\u00e7\u00e3o, de modo geral, tem com o perfil do paciente atendido. Assim, ao ingressarem em uma unidade psiqui\u00e1trica os colaboradores passam por uma integra\u00e7\u00e3o espec\u00edfica aonde recebem orienta\u00e7\u00f5es referentes ao trabalho, manejo do paciente psiqui\u00e1trico e outras informa\u00e7\u00f5es imprescind\u00edveis para a presta\u00e7\u00e3o de cuidado com qualidade e seguran\u00e7a. A Educa\u00e7\u00e3o Continuada utiliza os seguintes m\u00e9todos para realiza\u00e7\u00e3o de treinamentos e orienta\u00e7\u00f5es dos colaboradores: reuni\u00f5es peri\u00f3dicas, din\u00e2micas, discuss\u00e3o de casos e artigos, al\u00e9m de estrat\u00e9gias de ensino mais usuais, como a apresenta\u00e7\u00e3o de aulas expositivas com o apoio de recursos audiovisuais. Como resultado das a\u00e7\u00f5es e treinamentos realizados pela Educa\u00e7\u00e3o Continuada, nota-se que os profissionais atuam com maior seguran\u00e7a e autonomia, identificam riscos, realizam o diagn\u00f3stico situacional, o in\u00edcio de interven\u00e7\u00f5es apropriadas e imediatas focadas no indiv\u00edduo, e ainda procuram constantemente manter um ambiente terap\u00eautico, livre de estigmas e que promova a sa\u00fade e a seguran\u00e7a do paciente. Educar em psiquiatria \u00e9 um processo continuo de revitaliza\u00e7\u00e3o e supera\u00e7\u00e3o pessoal e profissional, abrange dimens\u00f5es individuais e coletivas e procura aumentar o conhecimento, a confian\u00e7a e as habilidades de cada profissional. Ainda, realiza treinamentos e estrat\u00e9gias de sensibiliza\u00e7\u00e3o de toda equipe assistencial, e atua, com importante fun\u00e7\u00e3o, no processo de Sele\u00e7\u00e3o de Pessoal com objetivo de contratar candidatos com o perfil que mais se aproximam aos pr\u00e9-requisitos da vaga.\", \"Brazilian Portuguese Female\");\n                }\n            };\n        <\/script>\n    <\/span><strong>Educa\u00e7\u00e3o Continuada na Psiquiatria \u2013 CRATOD e Recome\u00e7o Helvetia:<\/strong><\/p>\n<p style=\"text-align: justify\">A Educa\u00e7\u00e3o Continuada na Psiquiatria atua junto a Equipe de Enfermagem, Multiprofissional e de Conselheiros em Depend\u00eancia Qu\u00edmica. Tem como proposta principal o desenvolvimento do corpo de profissionais em a\u00e7\u00f5es espec\u00edficas e de grande import\u00e2ncia na psiquiatria, entre elas: t\u00e9cnicas de comunica\u00e7\u00e3o, abordagem verbal, seguran\u00e7a do paciente e conhecimentos da \u00e1rea.<\/p>\n<p style=\"text-align: justify\">\u00a0 Um dos pontos cr\u00edticos encontrado na atua\u00e7\u00e3o junto ao colaborador da \u00e1rea de sa\u00fade mental e psiquiatria \u00e9 a forma\u00e7\u00e3o incipiente quanto a especialidade e, o preconceito e estigma que a popula\u00e7\u00e3o, de modo geral, tem com o perfil do paciente atendido. Assim, ao ingressarem em uma unidade psiqui\u00e1trica os colaboradores passam por uma integra\u00e7\u00e3o espec\u00edfica aonde recebem orienta\u00e7\u00f5es referentes ao trabalho, manejo do paciente psiqui\u00e1trico e outras informa\u00e7\u00f5es imprescind\u00edveis para a presta\u00e7\u00e3o de cuidado com qualidade e seguran\u00e7a.<\/p>\n<p style=\"text-align: justify\">A Educa\u00e7\u00e3o Continuada utiliza os seguintes m\u00e9todos para realiza\u00e7\u00e3o de treinamentos e orienta\u00e7\u00f5es dos colaboradores: reuni\u00f5es peri\u00f3dicas, din\u00e2micas, discuss\u00e3o de casos e artigos, al\u00e9m de estrat\u00e9gias de ensino mais usuais, como a apresenta\u00e7\u00e3o de aulas expositivas com o apoio de recursos audiovisuais.<\/p>\n<p style=\"text-align: justify\">Como resultado das a\u00e7\u00f5es e treinamentos realizados pela Educa\u00e7\u00e3o Continuada, nota-se que os profissionais atuam com maior seguran\u00e7a e autonomia, identificam riscos, realizam o diagn\u00f3stico situacional, o in\u00edcio de interven\u00e7\u00f5es apropriadas e imediatas focadas no indiv\u00edduo, e ainda procuram constantemente manter um ambiente terap\u00eautico, livre de estigmas e que promova a sa\u00fade e a seguran\u00e7a do paciente.<\/p>\n<p style=\"text-align: justify\">Educar em psiquiatria \u00e9 um processo continuo de revitaliza\u00e7\u00e3o e supera\u00e7\u00e3o pessoal e profissional, abrange dimens\u00f5es individuais e coletivas e procura aumentar o conhecimento, a confian\u00e7a e as habilidades de cada profissional.<\/p>\n<p style=\"text-align: justify\">Ainda, realiza treinamentos e estrat\u00e9gias de sensibiliza\u00e7\u00e3o de toda equipe assistencial, e atua, com importante fun\u00e7\u00e3o, no processo de Sele\u00e7\u00e3o de Pessoal com objetivo de contratar candidatos com o perfil que mais se aproximam aos pr\u00e9-requisitos da vaga.<\/p>\n<p style=\"text-align: justify\"><span style=\"font-size: 14.4px\"><\/span><\/p>\n\t\t<\/div>\n\t\t\t\t\t<\/div>\n\n\t\n<\/div>\n","protected":false},"excerpt":{"rendered":"","protected":false},"author":14,"featured_media":0,"parent":0,"menu_order":0,"comment_status":"closed","ping_status":"closed","template":"","meta":{"footnotes":""},"class_list":["post-7557","page","type-page","status-publish","hentry"],"_links":{"self":[{"href":"https:\/\/ccdq.animaker.com.br\/index.php?rest_route=\/wp\/v2\/pages\/7557","targetHints":{"allow":["GET"]}}],"collection":[{"href":"https:\/\/ccdq.animaker.com.br\/index.php?rest_route=\/wp\/v2\/pages"}],"about":[{"href":"https:\/\/ccdq.animaker.com.br\/index.php?rest_route=\/wp\/v2\/types\/page"}],"author":[{"embeddable":true,"href":"https:\/\/ccdq.animaker.com.br\/index.php?rest_route=\/wp\/v2\/users\/14"}],"replies":[{"embeddable":true,"href":"https:\/\/ccdq.animaker.com.br\/index.php?rest_route=%2Fwp%2Fv2%2Fcomments&post=7557"}],"version-history":[{"count":0,"href":"https:\/\/ccdq.animaker.com.br\/index.php?rest_route=\/wp\/v2\/pages\/7557\/revisions"}],"wp:attachment":[{"href":"https:\/\/ccdq.animaker.com.br\/index.php?rest_route=%2Fwp%2Fv2%2Fmedia&parent=7557"}],"curies":[{"name":"wp","href":"https:\/\/api.w.org\/{rel}","templated":true}]}}