{"id":7545,"date":"2015-06-10T15:14:49","date_gmt":"2015-06-10T18:14:49","guid":{"rendered":"http:\/\/s11396.p20.sites.pressdns.com\/?page_id=6624"},"modified":"2025-03-25T00:01:46","modified_gmt":"2025-03-25T00:01:46","slug":"como-chegar","status":"publish","type":"page","link":"https:\/\/ccdq.animaker.com.br\/?page_id=7545","title":{"rendered":"Como Chegar"},"content":{"rendered":"\n<div class=\"container section-title-container\" ><h3 class=\"section-title section-title-normal\"><b aria-hidden=\"true\"><\/b><span class=\"section-title-main\" >Como Chegar<\/span><b aria-hidden=\"true\"><\/b><\/h3><\/div>\n\n<div class=\"row\"  id=\"row-1972816752\">\n\n\n\t<div id=\"col-461383834\" class=\"col medium-6 small-12 large-6\"  >\n\t\t\t\t<div class=\"col-inner\"  >\n\t\t\t\n\t\t\t\n\n<p><span style=\"font-size: 75%;\"><button id=\"bb1\" type=\"button\" value=\"Play\" class=\"responsivevoice-button\" title=\"ResponsiveVoice Tap to Start\/Stop Speech\"><span>&#128266; Ouvir<\/span><\/button>\n        <script>\n            bb1.onclick = function(){\n                if(responsiveVoice.isPlaying()){\n                    responsiveVoice.cancel();\n                }else{\n                    responsiveVoice.speak(\"UNIDADE I Rua Prates, 165 \u2013 Cep:01121-000\", \"Brazilian Portuguese Female\");\n                }\n            };\n        <\/script>\n     <\/span>UNIDADE I<\/p>\n<div>\n<div>Rua Prates, 165 \u2013 Cep:01121-000<\/div>\n<\/div>\n<div><span style=\"font-size: 14.4px;\"><\/span><\/div>\n<h5 style=\"text-align: justify;\">Rotas de Acesso:<\/h5>\n<div>Pr\u00f3ximo as esta\u00e7\u00f5es do Metro Luz e Tiradentes e da linha da CPTM Luz<\/div>\n<div>Ponto de Refer\u00eancia: Em frente ao Parque da Luz<\/div>\n\n\t\t<\/div>\n\t\t\t\t\t<\/div>\n\n\t\n\n\t<div id=\"col-1476777559\" class=\"col medium-6 small-12 large-6\"  >\n\t\t\t\t<div class=\"col-inner\"  >\n\t\t\t\n\t\t\t\n\n<p><img loading=\"lazy\" decoding=\"async\" class=\"alignnone wp-image-9361 size-full\" src=\"http:\/\/ccdq.animaker.com.br\/wp-content\/uploads\/sites\/161\/2025\/03\/Captura-de-Tela-2024-05-08-as-22.13.31.png\" alt=\"\" width=\"1354\" height=\"790\" srcset=\"https:\/\/ccdq.animaker.com.br\/wp-content\/uploads\/sites\/161\/2025\/03\/Captura-de-Tela-2024-05-08-as-22.13.31.png 1354w, https:\/\/ccdq.animaker.com.br\/wp-content\/uploads\/sites\/161\/2025\/03\/Captura-de-Tela-2024-05-08-as-22.13.31-300x175.png 300w, https:\/\/ccdq.animaker.com.br\/wp-content\/uploads\/sites\/161\/2025\/03\/Captura-de-Tela-2024-05-08-as-22.13.31-1024x597.png 1024w, https:\/\/ccdq.animaker.com.br\/wp-content\/uploads\/sites\/161\/2025\/03\/Captura-de-Tela-2024-05-08-as-22.13.31-768x448.png 768w\" sizes=\"auto, (max-width: 1354px) 100vw, 1354px\" \/><\/p>\n\n\t\t<\/div>\n\t\t\t\t\t<\/div>\n\n\t\n\n<\/div>\n<div class=\"row\"  id=\"row-1043214726\">\n\n\n\t<div id=\"col-217461505\" class=\"col medium-6 small-12 large-6\"  >\n\t\t\t\t<div class=\"col-inner\"  >\n\t\t\t\n\t\t\t\n\n<p><span style=\"font-size: 75%;\"><button id=\"bb2\" type=\"button\" value=\"Play\" class=\"responsivevoice-button\" title=\"ResponsiveVoice Tap to Start\/Stop Speech\"><span>&#128266; Ouvir<\/span><\/button>\n        <script>\n            bb2.onclick = function(){\n                if(responsiveVoice.isPlaying()){\n                    responsiveVoice.cancel();\n                }else{\n                    responsiveVoice.speak(\"UNIDADE II Rua Helv\u00e9tia, 55 \u2013 Campos El\u00edseos.CEP: 01215-010 \u2013 S\u00e3o Paulo \u2013 SP.Telefone: (11) 4280-3820\", \"Brazilian Portuguese Female\");\n                }\n            };\n        <\/script>\n    <\/span>UNIDADE II<\/p>\n<div>Rua Helv\u00e9tia, 55 \u2013 Campos El\u00edseos.<br \/>CEP: 01215-010 \u2013 S\u00e3o Paulo \u2013 SP.<br \/>Telefone: (11) 4280-3820<\/div>\n<div><span style=\"font-size: 14.4px;\"><\/span><\/div>\n<h5 style=\"text-align: justify;\">Rotas de Acesso:<\/h5>\n<p style=\"text-align: justify;\">\u2013 Trem: Esta\u00e7\u00e3o J\u00falio Prestes;<\/p>\n<p style=\"text-align: justify;\">A partir da esta\u00e7\u00e3o de trem, andar pela Alameda Cleveland at\u00e9 a Rua Helv\u00e9tia.<\/p>\n<p style=\"text-align: justify;\">\u2013 Metr\u00f4: Esta\u00e7\u00e3o Luz.<\/p>\n<p style=\"text-align: justify;\">A partir da esta\u00e7\u00e3o, andar pela Rua Mau\u00e1 em dire\u00e7\u00e3o \u00e0 Pra\u00e7a J\u00falio Prestes, seguir pela<\/p>\n<p style=\"text-align: justify;\">Alameda Cleveland at\u00e9 a Rua Helv\u00e9tia.<\/p>\n<p style=\"text-align: justify;\">\u2013 Carro:<\/p>\n<p style=\"text-align: justify;\">Pontos de referencia: Sala S\u00e3o Paulo, Esta\u00e7\u00e3o J\u00falio Prestes, Esta\u00e7\u00e3o Pinacoteca,\u00a0 SESC ,Bom Retiro.<\/p>\n\n\t\t<\/div>\n\t\t\t\t\t<\/div>\n\n\t\n\n\t<div id=\"col-750641558\" class=\"col medium-6 small-12 large-6\"  >\n\t\t\t\t<div class=\"col-inner\"  >\n\t\t\t\n\t\t\t\n\n<p><a href=\"https:\/\/urh.spdmafiliadas.org.br\/wp-content\/uploads\/sites\/4\/2024\/05\/Captura-de-Tela-2024-05-08-as-18.19.00.png\"><img loading=\"lazy\" decoding=\"async\" class=\"alignnone size-full wp-image-9174\" src=\"https:\/\/urh.spdmafiliadas.org.br\/wp-content\/uploads\/sites\/4\/2024\/05\/Captura-de-Tela-2024-05-08-as-18.19.00.png\" alt=\"mapa\" width=\"1354\" height=\"790\" \/><\/a><\/p>\n\n\t\t<\/div>\n\t\t\t\t\t<\/div>\n\n\t\n\n<\/div>\n\n","protected":false},"excerpt":{"rendered":"","protected":false},"author":14,"featured_media":0,"parent":0,"menu_order":0,"comment_status":"closed","ping_status":"closed","template":"","meta":{"footnotes":""},"class_list":["post-7545","page","type-page","status-publish","hentry"],"_links":{"self":[{"href":"https:\/\/ccdq.animaker.com.br\/index.php?rest_route=\/wp\/v2\/pages\/7545","targetHints":{"allow":["GET"]}}],"collection":[{"href":"https:\/\/ccdq.animaker.com.br\/index.php?rest_route=\/wp\/v2\/pages"}],"about":[{"href":"https:\/\/ccdq.animaker.com.br\/index.php?rest_route=\/wp\/v2\/types\/page"}],"author":[{"embeddable":true,"href":"https:\/\/ccdq.animaker.com.br\/index.php?rest_route=\/wp\/v2\/users\/14"}],"replies":[{"embeddable":true,"href":"https:\/\/ccdq.animaker.com.br\/index.php?rest_route=%2Fwp%2Fv2%2Fcomments&post=7545"}],"version-history":[{"count":0,"href":"https:\/\/ccdq.animaker.com.br\/index.php?rest_route=\/wp\/v2\/pages\/7545\/revisions"}],"wp:attachment":[{"href":"https:\/\/ccdq.animaker.com.br\/index.php?rest_route=%2Fwp%2Fv2%2Fmedia&parent=7545"}],"curies":[{"name":"wp","href":"https:\/\/api.w.org\/{rel}","templated":true}]}}