{"id":7541,"date":"2015-06-10T00:48:07","date_gmt":"2015-06-10T03:48:07","guid":{"rendered":"http:\/\/s11396.p20.sites.pressdns.com\/?page_id=6593"},"modified":"2025-06-23T22:32:56","modified_gmt":"2025-06-23T22:32:56","slug":"perguntas-frequentes","status":"publish","type":"page","link":"https:\/\/ccdq.animaker.com.br\/?page_id=7541","title":{"rendered":"Perguntas Frequentes"},"content":{"rendered":"\n<div class=\"container section-title-container\" ><h3 class=\"section-title section-title-normal\"><b aria-hidden=\"true\"><\/b><span class=\"section-title-main\" >Perguntas Frequentes<\/span><b aria-hidden=\"true\"><\/b><\/h3><\/div>\n\n<div class=\"row row-small\"  id=\"row-876092637\">\n\n\n\t<div id=\"col-354626913\" class=\"col small-12 large-12\"  >\n\t\t\t\t<div class=\"col-inner\"  >\n\t\t\t\n\t\t\t\n\n<div class=\"accordion\">\n\n\t<div id=\"accordion-1840617263\" class=\"accordion-item\">\n\t\t<a id=\"accordion-1840617263-label\" class=\"accordion-title plain\" href=\"#accordion-item-que-servi\u00e7os-possui-o-complexo-de-cuidados?\" aria-expanded=\"false\" aria-controls=\"accordion-1840617263-content\">\n\t\t\t<button class=\"toggle\" aria-label=\"Toggle\"><i class=\"icon-angle-down\" aria-hidden=\"true\"><\/i><\/button>\n\t\t\t<span>Que servi\u00e7os possui o Complexo de Cuidados?<\/span>\n\t\t<\/a>\n\t\t<div id=\"accordion-1840617263-content\" class=\"accordion-inner\" aria-labelledby=\"accordion-1840617263-label\">\n\t\t\t\n\n<p style=\"text-align: justify;\"><span style=\"font-size: 75%;\"><button id=\"bb1\" type=\"button\" value=\"Play\" class=\"responsivevoice-button\" title=\"ResponsiveVoice Tap to Start\/Stop Speech\"><span>&#128266; Ouvir<\/span><\/button>\n        <script>\n            bb1.onclick = function(){\n                if(responsiveVoice.isPlaying()){\n                    responsiveVoice.cancel();\n                }else{\n                    responsiveVoice.speak(\"O Complexo de Cuidados \u00e9 um servi\u00e7o de sa\u00fade para\u00a0 atendimento ao dependente qu\u00edmico, principalmente de usu\u00e1rios de crack, coca\u00edna e \u00e1lcool,\u00a0 que vivem nas cenas abertas de uso. Possui um\u00a0 Pronto Atendimento, leitos de \u00a0 Observa\u00e7\u00e3o para estabiliza\u00e7\u00e3o e Enfermarias para desintoxica\u00e7\u00e3o .\", \"Brazilian Portuguese Female\");\n                }\n            };\n        <\/script>\n    <\/span><\/p>\n<p><span style=\"font-weight: 400;\">O Complexo de Cuidados \u00e9 um servi\u00e7o de sa\u00fade para\u00a0 atendimento ao dependente qu\u00edmico, principalmente de usu\u00e1rios de crack, coca\u00edna e \u00e1lcool,\u00a0 que vivem nas cenas abertas de uso.<\/span><\/p>\n<p><span style=\"font-weight: 400;\">Possui um\u00a0 Pronto Atendimento, leitos de \u00a0 Observa\u00e7\u00e3o para estabiliza\u00e7\u00e3o e Enfermarias para desintoxica\u00e7\u00e3o .<\/span><\/p>\n<p style=\"text-align: justify;\"><span style=\"font-size: 14.4px;\"><\/span><\/p>\n\n\t\t<\/div>\n\t<\/div>\n\t\n\t<div id=\"accordion-3352198981\" class=\"accordion-item\">\n\t\t<a id=\"accordion-3352198981-label\" class=\"accordion-title plain\" href=\"#accordion-item-devo-pagar-algum-valor-para-utilizar-os-servi\u00e7os-do-complexo?\" aria-expanded=\"false\" aria-controls=\"accordion-3352198981-content\">\n\t\t\t<button class=\"toggle\" aria-label=\"Toggle\"><i class=\"icon-angle-down\" aria-hidden=\"true\"><\/i><\/button>\n\t\t\t<span>Devo pagar algum valor para utilizar os servi\u00e7os do Complexo?<\/span>\n\t\t<\/a>\n\t\t<div id=\"accordion-3352198981-content\" class=\"accordion-inner\" aria-labelledby=\"accordion-3352198981-label\">\n\t\t\t\n\n<p style=\"text-align: justify;\"><span style=\"font-size: 75%;\"><a><button id=\"bb2\" type=\"button\" value=\"Play\" class=\"responsivevoice-button\" title=\"ResponsiveVoice Tap to Start\/Stop Speech\"><span>&#128266; Ouvir<\/span><\/button>\n        <script>\n            bb2.onclick = function(){\n                if(responsiveVoice.isPlaying()){\n                    responsiveVoice.cancel();\n                }else{\n                    responsiveVoice.speak(\"Os servi\u00e7os oferecidos no Complexo s\u00e3o mantidos\u00a0 pela Secretaria Estadual da Sa\u00fade, 100% SUS,\u00a0 ou seja,\u00a0 gratuito.\", \"Brazilian Portuguese Female\");\n                }\n            };\n        <\/script>\n    <\/a><\/span><\/p>\n<p style=\"text-align: justify;\"><span style=\"font-weight: 400;\">Os servi\u00e7os oferecidos no Complexo s\u00e3o mantidos\u00a0 pela Secretaria Estadual da Sa\u00fade, 100% SUS,\u00a0 ou seja,\u00a0 gratuito.<\/span><\/p>\n<p style=\"text-align: justify;\"><span style=\"font-size: 14.4px;\"><\/span><\/p>\n\n\t\t<\/div>\n\t<\/div>\n\t\n\n<\/div>\n\n\t\t<\/div>\n\t\t\t\t\t<\/div>\n\n\t\n\n<\/div>\n\n","protected":false},"excerpt":{"rendered":"","protected":false},"author":14,"featured_media":0,"parent":0,"menu_order":0,"comment_status":"closed","ping_status":"closed","template":"","meta":{"footnotes":""},"class_list":["post-7541","page","type-page","status-publish","hentry"],"_links":{"self":[{"href":"https:\/\/ccdq.animaker.com.br\/index.php?rest_route=\/wp\/v2\/pages\/7541","targetHints":{"allow":["GET"]}}],"collection":[{"href":"https:\/\/ccdq.animaker.com.br\/index.php?rest_route=\/wp\/v2\/pages"}],"about":[{"href":"https:\/\/ccdq.animaker.com.br\/index.php?rest_route=\/wp\/v2\/types\/page"}],"author":[{"embeddable":true,"href":"https:\/\/ccdq.animaker.com.br\/index.php?rest_route=\/wp\/v2\/users\/14"}],"replies":[{"embeddable":true,"href":"https:\/\/ccdq.animaker.com.br\/index.php?rest_route=%2Fwp%2Fv2%2Fcomments&post=7541"}],"version-history":[{"count":0,"href":"https:\/\/ccdq.animaker.com.br\/index.php?rest_route=\/wp\/v2\/pages\/7541\/revisions"}],"wp:attachment":[{"href":"https:\/\/ccdq.animaker.com.br\/index.php?rest_route=%2Fwp%2Fv2%2Fmedia&parent=7541"}],"curies":[{"name":"wp","href":"https:\/\/api.w.org\/{rel}","templated":true}]}}