{"id":7534,"date":"2015-05-27T00:39:41","date_gmt":"2015-05-27T03:39:41","guid":{"rendered":"http:\/\/s11396.p20.sites.pressdns.com\/?page_id=6496"},"modified":"2025-06-09T04:50:25","modified_gmt":"2025-06-09T04:50:25","slug":"fale-conosco","status":"publish","type":"page","link":"https:\/\/ccdq.animaker.com.br\/?page_id=7534","title":{"rendered":"Fale Conosco"},"content":{"rendered":"\n<div class=\"container section-title-container\" ><h3 class=\"section-title section-title-normal\"><b aria-hidden=\"true\"><\/b><span class=\"section-title-main\" >Fale Conosco<\/span><b aria-hidden=\"true\"><\/b><\/h3><\/div>\n\n<div class=\"row row-large\"  id=\"row-841748236\">\n\n\n\t<div id=\"col-1090592193\" class=\"col medium-6 small-12 large-6\"  >\n\t\t\t\t<div class=\"col-inner\"  >\n\t\t\t\n\t\t\t\n\n<div class=\"message-box relative\" style=\"padding-top:15px;padding-bottom:15px;\"><div class=\"message-box-bg-image bg-fill fill\" ><\/div><div class=\"message-box-bg-overlay bg-fill fill\" style=\"background-color:rgb(244, 252, 255);\"><\/div><div class=\"container relative\"><div class=\"inner last-reset\">\n\n<div class=\"row align-middle align-center\"  id=\"row-1859204111\">\n\n\n\t<div id=\"col-1573004025\" class=\"col small-12 large-12\"  >\n\t\t\t\t<div class=\"col-inner\"  >\n\t\t\t\n\t\t\t\n\n<p style=\"text-align: justify;\"><span style=\"font-size: 75%;\"><button id=\"bb1\" type=\"button\" value=\"Play\" class=\"responsivevoice-button\" title=\"ResponsiveVoice Tap to Start\/Stop Speech\"><span>&#128266; Ouvir<\/span><\/button>\n        <script>\n            bb1.onclick = function(){\n                if(responsiveVoice.isPlaying()){\n                    responsiveVoice.cancel();\n                }else{\n                    responsiveVoice.speak(\"OUVIDORIA: O Complexo de Cuidados \u00e0s Pessoas Com Necessidades Relacionadas \u00e0 Depend\u00eancia Qu\u00edmica em Cenas Abertas de Uso possui o Servi\u00e7o de Ouvidoria que tem o objetivo de receber cr\u00edticas elogios e sugest\u00f5es, dentro de uma estrat\u00e9gia de valoriza\u00e7\u00e3o do protagonismo do usu\u00e1rio na avalia\u00e7\u00e3o do funcionamento e planejamento das a\u00e7\u00f5es da unidade. Os colaboradores da Ouvidoria poder\u00e3o oferecer orienta\u00e7\u00f5es e poss\u00edveis solu\u00e7\u00f5es medicante as demandas recebidas, de acordo com as normas do hospital. O atendimento da Ouvidoria \u00e9 realizado pessoalmente ou via e-mail de segunda \u00e0 sexta-feira das 8h \u00e0s 17h. No s\u00e1bado, caso necess\u00e1rio o atendimento ser\u00e1 realizado pela equipe do servi\u00e7o social ou psicologia.\", \"Brazilian Portuguese Female\");\n                }\n            };\n        <\/script>\n     <b>OUVIDORIA<\/b><strong>:<\/strong><\/span><\/p>\n<p style=\"text-align: justify;\"><span style=\"font-weight: 400;\">O Complexo de Cuidados \u00e0s Pessoas Com Necessidades Relacionadas \u00e0 Depend\u00eancia Qu\u00edmica em Cenas Abertas de Uso possui o Servi\u00e7o de Ouvidoria que tem o objetivo de receber cr\u00edticas elogios e sugest\u00f5es, dentro de uma estrat\u00e9gia de valoriza\u00e7\u00e3o do protagonismo do usu\u00e1rio na avalia\u00e7\u00e3o do funcionamento e planejamento das a\u00e7\u00f5es da unidade.<\/span><\/p>\n<p style=\"text-align: justify;\"><span style=\"font-weight: 400;\">Os colaboradores da Ouvidoria poder\u00e3o oferecer orienta\u00e7\u00f5es e poss\u00edveis solu\u00e7\u00f5es medicante as demandas recebidas, de acordo com as normas do hospital.<\/span><\/p>\n<p style=\"text-align: justify;\"><span style=\"font-weight: 400;\">O atendimento da Ouvidoria \u00e9 realizado pessoalmente ou via e-mail de segunda \u00e0 sexta-feira das 8h \u00e0s 17h. No s\u00e1bado, caso necess\u00e1rio o atendimento ser\u00e1 realizado pela equipe do servi\u00e7o social ou psicologia.<\/span><span><\/span><\/p>\n\n\t\t<\/div>\n\t\t\t\t\t<\/div>\n\n\t\n\n<\/div>\n\n<\/div><\/div><\/div>\n\n\t\t<\/div>\n\t\t\t\t\t<\/div>\n\n\t\n\n\t<div id=\"col-1858358667\" class=\"col medium-6 small-12 large-6\"  >\n\t\t\t\t<div class=\"col-inner\"  >\n\t\t\t\n\t\t\t\n\n<h3 style=\"text-align: left;\">Formas de Contato<span style=\"font-size: 80%;\"><button id=\"bb2\" type=\"button\" value=\"Play\" class=\"responsivevoice-button\" title=\"ResponsiveVoice Tap to Start\/Stop Speech\"><span>&#128266; Ouvir<\/span><\/button>\n        <script>\n            bb2.onclick = function(){\n                if(responsiveVoice.isPlaying()){\n                    responsiveVoice.cancel();\n                }else{\n                    responsiveVoice.speak(\"Caixas de Sugest\u00f5es, localizadas nas recep\u00e7\u00f5es. Pessoalmente, na sala da Ouvidoria. Email:\u00a0 UNIDADE I\u00a0 : Ouvidoria@hub.spdm.org.br \u00a0\u00a0 \u00a0 \u00a0 \u00a0 \u00a0 \u00a0 UNIDADE II:\u00a0 Ouvidoria@helvetia.spdm.org.br \u00a0\u00a0\u00a0\u00a0\u00a0\u00a0\u00a0\u00a0\u00a0\u00a0\u00a0\u00a0\u00a0Telefone: 4280-3853 Fale com a Diretoria do Complexo de Cuidados: A equipe da diretoria do Complexo de Cuidados tamb\u00e9m estar\u00e1 \u00e0 sua disposi\u00e7\u00e3o para oferecer-lhe qualquer orienta\u00e7\u00e3o necess\u00e1ria. Teremos o prazer em ouvi-lo! Caso voc\u00ea entenda que seu assunto dever\u00e1 ser tratado pela diretoria, envie um email para: complexoI@spdm.org.br Ajude-nos a aperfei\u00e7oar este site, enviando seus coment\u00e1rios ou sugest\u00f5es ao Servi\u00e7o de Ouvidoria pelo endere\u00e7o : ouvidoria@hub.spdm.org.br\", \"Brazilian Portuguese Female\");\n                }\n            };\n        <\/script>\n    <\/span><\/h3>\n<div id=\"escondido_b\">\n<ul>\n<li style=\"font-weight: 400;\" aria-level=\"1\"><span style=\"font-weight: 400;\">Caixas de Sugest\u00f5es, localizadas nas recep\u00e7\u00f5es.<\/span><\/li>\n<li style=\"font-weight: 400;\" aria-level=\"1\"><span style=\"font-weight: 400;\">Pessoalmente, na sala da Ouvidoria.<\/span><\/li>\n<\/ul>\n<p><span style=\"font-weight: 400;\">Email:\u00a0 UNIDADE I\u00a0 : Ouvidoria@hub.spdm.org.br<\/span><\/p>\n<p><span style=\"font-weight: 400;\">\u00a0\u00a0 \u00a0 \u00a0 \u00a0 \u00a0 \u00a0 UNIDADE II:\u00a0 <\/span><a href=\"mailto:Ouvidoria@helvetia.spdm.org.br\"><span style=\"font-weight: 400;\">Ouvidoria@helvetia.spdm.org.br<\/span><\/a><\/p>\n<p><span style=\"font-weight: 400;\">\u00a0\u00a0\u00a0\u00a0\u00a0\u00a0\u00a0\u00a0\u00a0\u00a0\u00a0\u00a0\u00a0Telefone: 4280-3853<\/span><\/p>\n<p><b>Fale com a Diretoria do Complexo de Cuidados:<\/b><\/p>\n<p><span style=\"font-weight: 400;\">A equipe da diretoria do Complexo de Cuidados tamb\u00e9m estar\u00e1 \u00e0 sua disposi\u00e7\u00e3o para oferecer-lhe qualquer orienta\u00e7\u00e3o necess\u00e1ria. Teremos o prazer em ouvi-lo!<\/span><\/p>\n<p><span style=\"font-weight: 400;\">Caso voc\u00ea entenda que seu assunto dever\u00e1 ser tratado pela diretoria, envie um email para: <\/span><a href=\"mailto:complexoI@spdm.org.br\"><span style=\"font-weight: 400;\">complexoI@spdm.org.br<\/span><\/a><\/p>\n<p><span style=\"font-weight: 400;\">Ajude-nos a aperfei\u00e7oar este site, enviando seus coment\u00e1rios ou sugest\u00f5es ao Servi\u00e7o de Ouvidoria pelo endere\u00e7o : ouvidoria@hub.spdm.org.br<\/span><span style=\"text-align: justify;\"><\/span><\/p>\n<\/div>\n\n\t\t<\/div>\n\t\t\t\t\t<\/div>\n\n\t\n\n<\/div>\n\n","protected":false},"excerpt":{"rendered":"","protected":false},"author":14,"featured_media":0,"parent":0,"menu_order":0,"comment_status":"closed","ping_status":"closed","template":"","meta":{"footnotes":""},"class_list":["post-7534","page","type-page","status-publish","hentry"],"_links":{"self":[{"href":"https:\/\/ccdq.animaker.com.br\/index.php?rest_route=\/wp\/v2\/pages\/7534","targetHints":{"allow":["GET"]}}],"collection":[{"href":"https:\/\/ccdq.animaker.com.br\/index.php?rest_route=\/wp\/v2\/pages"}],"about":[{"href":"https:\/\/ccdq.animaker.com.br\/index.php?rest_route=\/wp\/v2\/types\/page"}],"author":[{"embeddable":true,"href":"https:\/\/ccdq.animaker.com.br\/index.php?rest_route=\/wp\/v2\/users\/14"}],"replies":[{"embeddable":true,"href":"https:\/\/ccdq.animaker.com.br\/index.php?rest_route=%2Fwp%2Fv2%2Fcomments&post=7534"}],"version-history":[{"count":0,"href":"https:\/\/ccdq.animaker.com.br\/index.php?rest_route=\/wp\/v2\/pages\/7534\/revisions"}],"wp:attachment":[{"href":"https:\/\/ccdq.animaker.com.br\/index.php?rest_route=%2Fwp%2Fv2%2Fmedia&parent=7534"}],"curies":[{"name":"wp","href":"https:\/\/api.w.org\/{rel}","templated":true}]}}