{"id":8993,"date":"2023-11-05T15:42:13","date_gmt":"2023-11-05T15:42:13","guid":{"rendered":"https:\/\/urh.spdmafiliadas.org.br\/?page_id=8993"},"modified":"2023-11-05T15:42:13","modified_gmt":"2023-11-05T15:42:13","slug":"conscientizacao","status":"publish","type":"page","link":"http:\/\/ccdq.animaker.com.br\/?page_id=8993","title":{"rendered":"Conscientiza\u00e7\u00e3o"},"content":{"rendered":"<p class=\"p1\" style=\"text-align: justify\"><span class=\"s1\" style=\"font-size: 75%\"><button id=\"bb1\" type=\"button\" value=\"Play\" class=\"responsivevoice-button\" title=\"ResponsiveVoice Tap to Start\/Stop Speech\"><span>&#128266; Ouvir<\/span><\/button>\n        <script>\n            bb1.onclick = function(){\n                if(responsiveVoice.isPlaying()){\n                    responsiveVoice.cancel();\n                }else{\n                    responsiveVoice.speak(\"CONSCIENTIZA\u00c7\u00c3O Para que a privacidade e a prote\u00e7\u00e3o de dados assumam o devido protagonismo nas a\u00e7\u00f5es da institui\u00e7\u00e3o, \u00e9 necess\u00e1rio que os colaboradores estejam cientes de sua import\u00e2ncia em sua atividade profissional, bem como em sua pr\u00f3pria vida pessoal. Pensando nisso, a Equipe de Privacidade da SPDM constantemente produz materiais voltados a conscientizar os colaboradores da institui\u00e7\u00e3o sobre privacidade e prote\u00e7\u00e3o de dados. Com intuito de garantir que o conte\u00fado seja compreendido por toda a gama de colaboradores da institui\u00e7\u00e3o, os materiais de conscientiza\u00e7\u00e3o s\u00e3o elaborados com linguagem acess\u00edvel e em formatos que facilitam sua compreens\u00e3o. Dentre as a\u00e7\u00f5es de conscientiza\u00e7\u00e3o, destacamos:\", \"Brazilian Portuguese Female\");\n                }\n            };\n        <\/script>\n    <\/span><\/p>\n<h3>CONSCIENTIZA\u00c7\u00c3O<\/h3>\n<p class=\"p1\" style=\"text-align: justify\"><span class=\"s1\">Para que a privacidade e a prote\u00e7\u00e3o de dados assumam o devido protagonismo nas a\u00e7\u00f5es da institui\u00e7\u00e3o, \u00e9 necess\u00e1rio que os colaboradores estejam cientes de sua import\u00e2ncia em sua atividade profissional, bem como em sua pr\u00f3pria vida pessoal.<\/span><\/p>\n<p class=\"p1\" style=\"text-align: justify\"><span class=\"s1\">Pensando nisso, a Equipe de Privacidade da SPDM constantemente produz materiais voltados a conscientizar os colaboradores da institui\u00e7\u00e3o sobre privacidade e prote\u00e7\u00e3o de dados. Com intuito de garantir que o conte\u00fado seja compreendido por toda a gama de colaboradores da institui\u00e7\u00e3o, os materiais de conscientiza\u00e7\u00e3o s\u00e3o elaborados com linguagem acess\u00edvel e em formatos que facilitam sua compreens\u00e3o. Dentre as a\u00e7\u00f5es de conscientiza\u00e7\u00e3o, destacamos: <\/span><\/p>\n<div class=\"accordion\">\n\t<div id=\"accordion-3353609927\" class=\"accordion-item\">\n\t\t<a id=\"accordion-3353609927-label\" class=\"accordion-title plain\" href=\"#accordion-item-semana-da-privacidade\" aria-expanded=\"false\" aria-controls=\"accordion-3353609927-content\">\n\t\t\t<button class=\"toggle\" aria-label=\"Toggle\"><i class=\"icon-angle-down\" aria-hidden=\"true\"><\/i><\/button>\n\t\t\t<span>Semana da Privacidade<\/span>\n\t\t<\/a>\n\t\t<div id=\"accordion-3353609927-content\" class=\"accordion-inner\" aria-labelledby=\"accordion-3353609927-label\">\n\t\t\t\n<p class=\"p1\"><span class=\"s1\"><span style=\"font-size: 75%\"><button id=\"bb2\" type=\"button\" value=\"Play\" class=\"responsivevoice-button\" title=\"ResponsiveVoice Tap to Start\/Stop Speech\"><span>&#128266; Ouvir<\/span><\/button>\n        <script>\n            bb2.onclick = function(){\n                if(responsiveVoice.isPlaying()){\n                    responsiveVoice.cancel();\n                }else{\n                    responsiveVoice.speak(\"Semana da Privacidade Evento anual, com participa\u00e7\u00e3o de profissionais de diversas \u00e1reas da institui\u00e7\u00e3o e de convidados externos, em que temas relacionados \u00e0 privacidade e a prote\u00e7\u00e3o de dados s\u00e3o expostos em palestras e atividades interativas, com acesso a todos os colaboradores da SPDM.\", \"Brazilian Portuguese Female\");\n                }\n            };\n        <\/script>\n    <\/span> <\/span><\/p>\n<p>Semana da Privacidade<\/p>\n<p class=\"p1\"><span class=\"s1\">Evento anual, com participa\u00e7\u00e3o de profissionais de diversas \u00e1reas da institui\u00e7\u00e3o e de convidados externos, em que temas relacionados \u00e0 privacidade e a prote\u00e7\u00e3o de dados s\u00e3o expostos em palestras e atividades interativas, com acesso a todos os colaboradores da SPDM. <\/span><\/p>\n<p class=\"p1\"><img loading=\"lazy\" decoding=\"async\" class=\"alignnone wp-image-8988 \" src=\"https:\/\/urh.spdmafiliadas.org.br\/wp-content\/uploads\/sites\/4\/2023\/11\/Semana-da-Privacidade-768x384-1.jpg\" alt=\"\" width=\"421\" height=\"211\" \/><\/p>\n\t\t<\/div>\n\t<\/div>\n\t\n\t<div id=\"accordion-610886472\" class=\"accordion-item\">\n\t\t<a id=\"accordion-610886472-label\" class=\"accordion-title plain\" href=\"#accordion-item-privacidade-news\" aria-expanded=\"false\" aria-controls=\"accordion-610886472-content\">\n\t\t\t<button class=\"toggle\" aria-label=\"Toggle\"><i class=\"icon-angle-down\" aria-hidden=\"true\"><\/i><\/button>\n\t\t\t<span>Privacidade News<\/span>\n\t\t<\/a>\n\t\t<div id=\"accordion-610886472-content\" class=\"accordion-inner\" aria-labelledby=\"accordion-610886472-label\">\n\t\t\t\n<p class=\"p1\"><span class=\"s1\"><span style=\"font-size: 75%\"><button id=\"bb3\" type=\"button\" value=\"Play\" class=\"responsivevoice-button\" title=\"ResponsiveVoice Tap to Start\/Stop Speech\"><span>&#128266; Ouvir<\/span><\/button>\n        <script>\n            bb3.onclick = function(){\n                if(responsiveVoice.isPlaying()){\n                    responsiveVoice.cancel();\n                }else{\n                    responsiveVoice.speak(\"Privacidade News Newsletter quinzenal que aborda temas atuais e not\u00edcias sobre privacidade, tecnologia e seus impactos na vida profissional e pessoal dos colaboradores, bem como apresenta dicas sobre como agir para proteger os dados pessoais em seu dia a dia.\", \"Brazilian Portuguese Female\");\n                }\n            };\n        <\/script>\n    <\/span><\/span><\/p>\n<p>Privacidade News<\/p>\n<p class=\"p1\"><span class=\"s1\">Newsletter quinzenal que aborda temas atuais e not\u00edcias sobre privacidade, tecnologia e seus impactos na vida profissional e pessoal dos colaboradores, bem como apresenta dicas sobre como agir para proteger os dados pessoais em seu dia a dia.<\/span><\/p>\n<p class=\"p1\"><img loading=\"lazy\" decoding=\"async\" class=\"alignnone wp-image-8989 \" src=\"https:\/\/urh.spdmafiliadas.org.br\/wp-content\/uploads\/sites\/4\/2023\/11\/Privacidade-News-1024x512-1.jpg\" alt=\"\" width=\"463\" height=\"232\" \/><\/p>\n\t\t<\/div>\n\t<\/div>\n\t\n\t<div id=\"accordion-1969073849\" class=\"accordion-item\">\n\t\t<a id=\"accordion-1969073849-label\" class=\"accordion-title plain\" href=\"#accordion-item-protecta,-a-encarregada-de-dados\" aria-expanded=\"false\" aria-controls=\"accordion-1969073849-content\">\n\t\t\t<button class=\"toggle\" aria-label=\"Toggle\"><i class=\"icon-angle-down\" aria-hidden=\"true\"><\/i><\/button>\n\t\t\t<span>Protecta, a Encarregada de Dados<\/span>\n\t\t<\/a>\n\t\t<div id=\"accordion-1969073849-content\" class=\"accordion-inner\" aria-labelledby=\"accordion-1969073849-label\">\n\t\t\t\n<p class=\"p1\"><span class=\"s1\"><span style=\"font-size: 75%\"><button id=\"bb4\" type=\"button\" value=\"Play\" class=\"responsivevoice-button\" title=\"ResponsiveVoice Tap to Start\/Stop Speech\"><span>&#128266; Ouvir<\/span><\/button>\n        <script>\n            bb4.onclick = function(){\n                if(responsiveVoice.isPlaying()){\n                    responsiveVoice.cancel();\n                }else{\n                    responsiveVoice.speak(\"Protecta, a Encarregada de Dados Com objetivo de tornar o aprendizado sobre Privacidade e Prote\u00e7\u00e3o de Dados mais divertido, a Equipe de Privacidade da SPDM editou a hist\u00f3ria em quadrinhos \u201cProtecta, a Encarregada de Dados\u201d. Baseada em uma produ\u00e7\u00e3o da International Association of Privacy Professionals (IAPP), uma das mais respeit\u00e1veis organiza\u00e7\u00f5es internacionais no campo da Privacidade, \u201cProtecta, a Encarregada de Dados\u201d \u00e9 uma hist\u00f3ria em quadrinhos dividida em cap\u00edtulos mensais que traz, em seu conte\u00fado, diversos ensinamentos sobre como devemos agir para uma maior seguran\u00e7a dos dados pessoais, tanto nossos quanto aqueles que utilizados em nosso dia a dia.\", \"Brazilian Portuguese Female\");\n                }\n            };\n        <\/script>\n    <\/span><\/span><\/p>\n<p>Protecta, a Encarregada de Dados<\/p>\n<p class=\"p1\"><span class=\"s1\">Com objetivo de tornar o aprendizado sobre Privacidade e Prote\u00e7\u00e3o de Dados mais divertido, a Equipe de Privacidade da SPDM editou a hist\u00f3ria em quadrinhos \u201cProtecta, a Encarregada de Dados\u201d. Baseada em uma produ\u00e7\u00e3o da International Association of Privacy Professionals (IAPP), uma das mais respeit\u00e1veis organiza\u00e7\u00f5es internacionais no campo da Privacidade, \u201cProtecta, a Encarregada de Dados\u201d \u00e9 uma hist\u00f3ria em quadrinhos dividida em cap\u00edtulos mensais que traz, em seu conte\u00fado, diversos ensinamentos sobre como devemos agir para uma maior seguran\u00e7a dos dados pessoais, tanto nossos quanto aqueles que utilizados em nosso dia a dia.<\/span><\/p>\n<p class=\"p1\"><span class=\"s1\"><img loading=\"lazy\" decoding=\"async\" class=\"alignnone wp-image-8990 \" src=\"https:\/\/urh.spdmafiliadas.org.br\/wp-content\/uploads\/sites\/4\/2023\/11\/Protecta-1024x512-1.jpg\" alt=\"\" width=\"491\" height=\"246\" \/><\/span><\/p>\n\t\t<\/div>\n\t<\/div>\n\t\n\t<div id=\"accordion-1742695526\" class=\"accordion-item\">\n\t\t<a id=\"accordion-1742695526-label\" class=\"accordion-title plain\" href=\"#accordion-item-cartilhas\" aria-expanded=\"false\" aria-controls=\"accordion-1742695526-content\">\n\t\t\t<button class=\"toggle\" aria-label=\"Toggle\"><i class=\"icon-angle-down\" aria-hidden=\"true\"><\/i><\/button>\n\t\t\t<span>Cartilhas<\/span>\n\t\t<\/a>\n\t\t<div id=\"accordion-1742695526-content\" class=\"accordion-inner\" aria-labelledby=\"accordion-1742695526-label\">\n\t\t\t\n<p class=\"p1\"><span class=\"s1\"><span style=\"font-size: 75%\"><button id=\"bb5\" type=\"button\" value=\"Play\" class=\"responsivevoice-button\" title=\"ResponsiveVoice Tap to Start\/Stop Speech\"><span>&#128266; Ouvir<\/span><\/button>\n        <script>\n            bb5.onclick = function(){\n                if(responsiveVoice.isPlaying()){\n                    responsiveVoice.cancel();\n                }else{\n                    responsiveVoice.speak(\"Cartilhas As Cartilhas t\u00eam o intuito de fomentar o aprendizado sobre privacidade e prote\u00e7\u00e3o de dados de forma l\u00fadica e facilitada, abordando estes temas em linguagem mais simples e informal, com ilustra\u00e7\u00f5es e jogos.\", \"Brazilian Portuguese Female\");\n                }\n            };\n        <\/script>\n    <\/span><\/span><\/p>\n<p>Cartilhas<\/p>\n<p class=\"p1\"><span class=\"s1\">As Cartilhas t\u00eam o intuito de fomentar o aprendizado sobre privacidade e prote\u00e7\u00e3o de dados de forma l\u00fadica e facilitada, abordando estes temas em linguagem mais simples e informal, com ilustra\u00e7\u00f5es e jogos.<\/span><\/p>\n<p class=\"p1\"><img loading=\"lazy\" decoding=\"async\" class=\"alignnone wp-image-8991 \" src=\"https:\/\/urh.spdmafiliadas.org.br\/wp-content\/uploads\/sites\/4\/2023\/11\/Cartilha-1024x512-1.jpg\" alt=\"\" width=\"486\" height=\"243\" \/><\/p>\n\t\t<\/div>\n\t<\/div>\n\t\n<\/div>\n","protected":false},"excerpt":{"rendered":"","protected":false},"author":14,"featured_media":0,"parent":0,"menu_order":0,"comment_status":"closed","ping_status":"closed","template":"","meta":{"footnotes":""},"class_list":["post-8993","page","type-page","status-publish","hentry"],"_links":{"self":[{"href":"http:\/\/ccdq.animaker.com.br\/index.php?rest_route=\/wp\/v2\/pages\/8993","targetHints":{"allow":["GET"]}}],"collection":[{"href":"http:\/\/ccdq.animaker.com.br\/index.php?rest_route=\/wp\/v2\/pages"}],"about":[{"href":"http:\/\/ccdq.animaker.com.br\/index.php?rest_route=\/wp\/v2\/types\/page"}],"author":[{"embeddable":true,"href":"http:\/\/ccdq.animaker.com.br\/index.php?rest_route=\/wp\/v2\/users\/14"}],"replies":[{"embeddable":true,"href":"http:\/\/ccdq.animaker.com.br\/index.php?rest_route=%2Fwp%2Fv2%2Fcomments&post=8993"}],"version-history":[{"count":0,"href":"http:\/\/ccdq.animaker.com.br\/index.php?rest_route=\/wp\/v2\/pages\/8993\/revisions"}],"wp:attachment":[{"href":"http:\/\/ccdq.animaker.com.br\/index.php?rest_route=%2Fwp%2Fv2%2Fmedia&parent=8993"}],"curies":[{"name":"wp","href":"https:\/\/api.w.org\/{rel}","templated":true}]}}