{"id":8992,"date":"2023-11-05T15:40:24","date_gmt":"2023-11-05T15:40:24","guid":{"rendered":"https:\/\/urh.spdmafiliadas.org.br\/?page_id=8992"},"modified":"2023-11-05T15:40:24","modified_gmt":"2023-11-05T15:40:24","slug":"privacidade","status":"publish","type":"page","link":"http:\/\/ccdq.animaker.com.br\/?page_id=8992","title":{"rendered":"Privacidade"},"content":{"rendered":"<p><span class=\"s1\"><button id=\"bb1\" type=\"button\" value=\"Play\" class=\"responsivevoice-button\" title=\"ResponsiveVoice Tap to Start\/Stop Speech\"><span>&#128266; Ouvir<\/span><\/button>\n        <script>\n            bb1.onclick = function(){\n                if(responsiveVoice.isPlaying()){\n                    responsiveVoice.cancel();\n                }else{\n                    responsiveVoice.speak(\"PRIVACIDADE NA SPDM A SPDM, sempre atenta aos avan\u00e7os legais e tecnol\u00f3gicos, bem como primando pelas melhores pr\u00e1ticas na consecu\u00e7\u00e3o de seus objetivos estatut\u00e1rios, tem na privacidade e na prote\u00e7\u00e3o de dados dos pacientes e demais usu\u00e1rios de seus servi\u00e7os um ponto de grande aten\u00e7\u00e3o, envidando seus melhores esfor\u00e7os para que as informa\u00e7\u00f5es utilizadas em seus servi\u00e7os sejam tratadas de forma \u00e9tica, legal e segura. Neste sentido, a SPDM iniciou um extenso processo de adequa\u00e7\u00e3o de suas atividades \u00e0s obriga\u00e7\u00f5es trazidas pela LGPD, tendo nomeado encarregado pelo tratamento de dados pessoais, conforme expressa obriga\u00e7\u00e3o legal, e criado um setor espec\u00edfico para lidar com os temas de privacidade afetos \u00e0 institui\u00e7\u00e3o. A partir destas medidas iniciais, a institui\u00e7\u00e3o adotou medidas t\u00e9cnicas e administrativas voltadas a garantir o cumprimento de suas obriga\u00e7\u00f5es legais e, acima de tudo, a efetiva prote\u00e7\u00e3o da privacidade e dos dados dos pacientes.\", \"Brazilian Portuguese Female\");\n                }\n            };\n        <\/script>\n     <\/span><\/p>\n<h3><span class=\"s1\">PRIVACIDADE NA SPDM<\/span><\/h3>\n<p class=\"p1\" style=\"text-align: justify\"><span class=\"s1\">A SPDM, sempre atenta aos avan\u00e7os legais e tecnol\u00f3gicos, bem como primando pelas melhores pr\u00e1ticas na consecu\u00e7\u00e3o de seus objetivos estatut\u00e1rios, tem na privacidade e na prote\u00e7\u00e3o de dados dos pacientes e demais usu\u00e1rios de seus servi\u00e7os um ponto de grande aten\u00e7\u00e3o, envidando seus melhores esfor\u00e7os para que as informa\u00e7\u00f5es utilizadas em seus servi\u00e7os sejam tratadas de forma \u00e9tica, legal e segura. <\/span><\/p>\n<p class=\"p1\" style=\"text-align: justify\"><span class=\"s1\">Neste sentido, a SPDM iniciou um extenso processo de adequa\u00e7\u00e3o de suas atividades \u00e0s obriga\u00e7\u00f5es trazidas pela LGPD, tendo nomeado encarregado pelo tratamento de dados pessoais, conforme expressa obriga\u00e7\u00e3o legal, e criado um setor espec\u00edfico para lidar com os temas de privacidade afetos \u00e0 institui\u00e7\u00e3o.<\/span><\/p>\n<p class=\"p1\" style=\"text-align: justify\"><span class=\"s1\">A partir destas medidas iniciais, a institui\u00e7\u00e3o adotou medidas t\u00e9cnicas e administrativas voltadas a garantir o cumprimento de suas obriga\u00e7\u00f5es legais e, acima de tudo, a efetiva prote\u00e7\u00e3o da privacidade e dos dados dos pacientes. <\/span><\/p>\n","protected":false},"excerpt":{"rendered":"","protected":false},"author":14,"featured_media":0,"parent":0,"menu_order":0,"comment_status":"closed","ping_status":"closed","template":"","meta":{"footnotes":""},"class_list":["post-8992","page","type-page","status-publish","hentry"],"_links":{"self":[{"href":"http:\/\/ccdq.animaker.com.br\/index.php?rest_route=\/wp\/v2\/pages\/8992","targetHints":{"allow":["GET"]}}],"collection":[{"href":"http:\/\/ccdq.animaker.com.br\/index.php?rest_route=\/wp\/v2\/pages"}],"about":[{"href":"http:\/\/ccdq.animaker.com.br\/index.php?rest_route=\/wp\/v2\/types\/page"}],"author":[{"embeddable":true,"href":"http:\/\/ccdq.animaker.com.br\/index.php?rest_route=\/wp\/v2\/users\/14"}],"replies":[{"embeddable":true,"href":"http:\/\/ccdq.animaker.com.br\/index.php?rest_route=%2Fwp%2Fv2%2Fcomments&post=8992"}],"version-history":[{"count":0,"href":"http:\/\/ccdq.animaker.com.br\/index.php?rest_route=\/wp\/v2\/pages\/8992\/revisions"}],"wp:attachment":[{"href":"http:\/\/ccdq.animaker.com.br\/index.php?rest_route=%2Fwp%2Fv2%2Fmedia&parent=8992"}],"curies":[{"name":"wp","href":"https:\/\/api.w.org\/{rel}","templated":true}]}}