{"id":8111,"date":"2020-09-21T03:15:41","date_gmt":"2020-09-21T03:15:41","guid":{"rendered":"http:\/\/urh.spdmafiliadas.org.br\/?page_id=8111"},"modified":"2020-09-21T03:15:41","modified_gmt":"2020-09-21T03:15:41","slug":"programa-de-integridade-e-compliance","status":"publish","type":"page","link":"http:\/\/ccdq.animaker.com.br\/?page_id=8111","title":{"rendered":"Programa de Integridade e Compliance"},"content":{"rendered":"<div class=\"container section-title-container\" ><h3 class=\"section-title section-title-normal\"><b aria-hidden=\"true\"><\/b><span class=\"section-title-main\" >Programa de Integridade e Compliance<\/span><b aria-hidden=\"true\"><\/b><\/h3><\/div>\n<div style=\"width: 640px;\" class=\"wp-video\"><video class=\"wp-video-shortcode\" id=\"video-8111-1\" width=\"640\" height=\"360\" preload=\"metadata\" controls=\"controls\"><source type=\"video\/mp4\" src=\"https:\/\/urh.spdmafiliadas.org.br\/wp-content\/uploads\/sites\/4\/2023\/07\/ok-v1-capa-Video-Outubro-2022-Dr-Nacime-Compliance_1.mp4?_=1\" \/><a href=\"https:\/\/urh.spdmafiliadas.org.br\/wp-content\/uploads\/sites\/4\/2023\/07\/ok-v1-capa-Video-Outubro-2022-Dr-Nacime-Compliance_1.mp4\">https:\/\/urh.spdmafiliadas.org.br\/wp-content\/uploads\/sites\/4\/2023\/07\/ok-v1-capa-Video-Outubro-2022-Dr-Nacime-Compliance_1.mp4<\/a><\/video><\/div>\n<p><em>Dr. Nacime Salom\u00e3o Mansur \u2013 Superintendente das Institui\u00e7\u00f5es Afiliadas<\/em><\/p>\n<div class=\"_3d-flip-book  fb3d-fullscreen-mode full-size\" data-id=\"8885\" data-mode=\"fullscreen\" data-title=\"false\" data-template=\"short-white-book-view\" data-lightbox=\"dark\" data-urlparam=\"fb3d-page\" data-page-n=\"0\" data-pdf=\"\" data-tax=\"null\" data-thumbnail=\"\" data-cols=\"3\" data-query=\"\"><\/div>\n<ul>\n<li><a href=\"https:\/\/urh.spdmafiliadas.org.br\/alta-administracao\/\">Alta Administra\u00e7\u00e3o<\/a><\/li>\n<li><a href=\"https:\/\/urh.spdmafiliadas.org.br\/manual-de-conformidade-administrativa-politicas-e-principios-de-integridade\/\">Manual de Conformidade Administrativa, Pol\u00edticas e Princ\u00edpios de Integridade<\/a><\/li>\n<li><a href=\"https:\/\/urh.spdmafiliadas.org.br\/politicas-normas-e-regulamentos\/\">Pol\u00edticas, Normas e Regulamentos<\/a><\/li>\n<li><a href=\"https:\/\/urh.spdmafiliadas.org.br\/relatorio-de-compliance-e-integridade\/\">Relat\u00f3rio de Compliance e Integridade<\/a><\/li>\n<li><a href=\"https:\/\/urh.spdmafiliadas.org.br\/manual-de-fornecedores\/\">Fornecedores e Parceiros<\/a><\/li>\n<li><a href=\"https:\/\/urh.spdmafiliadas.org.br\/comunicacao\/\">Comunica\u00e7\u00e3o<\/a><\/li>\n<li><a href=\"https:\/\/urh.spdmafiliadas.org.br\/treinamentos\/\">Treinamentos<\/a><\/li>\n<li><a href=\"https:\/\/urh.spdmafiliadas.org.br\/diligencia-de-fornecedores-e-prestadores-de-servicos\/\">Dilig\u00eancia de Fornecedores e Prestadores de Servi\u00e7os<\/a><\/li>\n<li><a href=\"https:\/\/urh.spdmafiliadas.org.br\/canal-de-denuncia\/\">Canal de Den\u00fancia<\/a><\/li>\n<\/ul>\n","protected":false},"excerpt":{"rendered":"<p>https:\/\/urh.spdmafiliadas.org.br\/wp-content\/uploads\/sites\/4\/2023\/07\/ok-v1-capa-Video-Outubro-2022-Dr-Nacime-Compliance_1.mp4 Dr. Nacime Salom\u00e3o Mansur \u2013 Superintendente das Institui\u00e7\u00f5es Afiliadas Alta Administra\u00e7\u00e3o Manual de Conformidade Administrativa, Pol\u00edticas e Princ\u00edpios de Integridade Pol\u00edticas, Normas e Regulamentos Relat\u00f3rio de Compliance e Integridade Fornecedores e Parceiros Comunica\u00e7\u00e3o Treinamentos Dilig\u00eancia de Fornecedores e Prestadores de Servi\u00e7os Canal de Den\u00fancia<\/p>\n","protected":false},"author":14,"featured_media":0,"parent":0,"menu_order":0,"comment_status":"closed","ping_status":"closed","template":"","meta":{"footnotes":""},"class_list":["post-8111","page","type-page","status-publish","hentry"],"_links":{"self":[{"href":"http:\/\/ccdq.animaker.com.br\/index.php?rest_route=\/wp\/v2\/pages\/8111","targetHints":{"allow":["GET"]}}],"collection":[{"href":"http:\/\/ccdq.animaker.com.br\/index.php?rest_route=\/wp\/v2\/pages"}],"about":[{"href":"http:\/\/ccdq.animaker.com.br\/index.php?rest_route=\/wp\/v2\/types\/page"}],"author":[{"embeddable":true,"href":"http:\/\/ccdq.animaker.com.br\/index.php?rest_route=\/wp\/v2\/users\/14"}],"replies":[{"embeddable":true,"href":"http:\/\/ccdq.animaker.com.br\/index.php?rest_route=%2Fwp%2Fv2%2Fcomments&post=8111"}],"version-history":[{"count":0,"href":"http:\/\/ccdq.animaker.com.br\/index.php?rest_route=\/wp\/v2\/pages\/8111\/revisions"}],"wp:attachment":[{"href":"http:\/\/ccdq.animaker.com.br\/index.php?rest_route=%2Fwp%2Fv2%2Fmedia&parent=8111"}],"curies":[{"name":"wp","href":"https:\/\/api.w.org\/{rel}","templated":true}]}}