{"id":8058,"date":"2020-07-29T03:25:40","date_gmt":"2020-07-29T03:25:40","guid":{"rendered":"http:\/\/amejardimdosprados.spdmafiliadas.org.br\/?page_id=8058"},"modified":"2020-07-29T03:25:40","modified_gmt":"2020-07-29T03:25:40","slug":"treinamentos","status":"publish","type":"page","link":"http:\/\/ccdq.animaker.com.br\/?page_id=8058","title":{"rendered":"Treinamentos"},"content":{"rendered":"<div class=\"container section-title-container\" ><h3 class=\"section-title section-title-normal\"><b aria-hidden=\"true\"><\/b><span class=\"section-title-main\" >Treinamentos<\/span><b aria-hidden=\"true\"><\/b><\/h3><\/div>\n<div class=\"accordion\">\n\t<div id=\"accordion-358099425\" class=\"accordion-item\">\n\t\t<a id=\"accordion-358099425-label\" class=\"accordion-title plain\" href=\"#accordion-item-treinamento-da-lei-anticorrup\u00e7\u00e3o-(lei-n\u00ba-12.846\/13)\" aria-expanded=\"false\" aria-controls=\"accordion-358099425-content\">\n\t\t\t<button class=\"toggle\" aria-label=\"Toggle\"><i class=\"icon-angle-down\" aria-hidden=\"true\"><\/i><\/button>\n\t\t\t<span>Treinamento da Lei Anticorrup\u00e7\u00e3o (Lei n\u00ba 12.846\/13)<\/span>\n\t\t<\/a>\n\t\t<div id=\"accordion-358099425-content\" class=\"accordion-inner\" aria-labelledby=\"accordion-358099425-label\">\n\t\t\t\n<div class=\"row\"  id=\"row-495151738\">\n\n\t<div id=\"col-793881309\" class=\"col medium-6 small-12 large-6\"  >\n\t\t\t\t<div class=\"col-inner\"  >\n\t\t\t\n\t\t\t\n<p style=\"text-align: justify\">A partir de 2016, foram iniciados treinamentos, com o objetivo divulgar e conscientizar os colaboradores sobre o Programa de Integridade, utilizando como refer\u00eancia a Lei n\u00ba12.846 de 1\u00ba de agosto de 2013. Atualmente este treinamento \u00e9 realizado na integra\u00e7\u00e3o institucional de novos colaboradores e atrav\u00e9s da plataforma EAD \u2013 Ensino a dist\u00e2ncia da SPDM\/Afiliadas (e-learning).<\/p>\n\t\t<\/div>\n\t\t\t\t\t<\/div>\n\n\t\n\n\t<div id=\"col-1483529692\" class=\"col medium-6 small-12 large-6\"  >\n\t\t\t\t<div class=\"col-inner\"  >\n\t\t\t\n\t\t\t\n<p><a href=\"https:\/\/urh.spdmafiliadas.org.br\/wp-content\/uploads\/sites\/4\/2021\/04\/programa-treinamento-combate-corrupcao.png\"><img loading=\"lazy\" decoding=\"async\" class=\"alignnone size-full wp-image-8321\" src=\"https:\/\/urh.spdmafiliadas.org.br\/wp-content\/uploads\/sites\/4\/2021\/04\/programa-treinamento-combate-corrupcao.png\" alt=\"\" width=\"512\" height=\"276\" \/><\/a><\/p>\n<p><a href=\"https:\/\/urh.spdmafiliadas.org.br\/wp-content\/uploads\/sites\/4\/2021\/04\/image4-lei-.png\"><img loading=\"lazy\" decoding=\"async\" class=\"alignnone size-full wp-image-8322\" src=\"https:\/\/urh.spdmafiliadas.org.br\/wp-content\/uploads\/sites\/4\/2021\/04\/image4-lei-.png\" alt=\"\" width=\"1127\" height=\"705\" \/><\/a><\/p>\n\t\t<\/div>\n\t\t\t\t\t<\/div>\n\n\t\n<\/div>\n\t\t<\/div>\n\t<\/div>\n\t\n\t<div id=\"accordion-2911193663\" class=\"accordion-item\">\n\t\t<a id=\"accordion-2911193663-label\" class=\"accordion-title plain\" href=\"#accordion-item-treinamento-compliance\" aria-expanded=\"false\" aria-controls=\"accordion-2911193663-content\">\n\t\t\t<button class=\"toggle\" aria-label=\"Toggle\"><i class=\"icon-angle-down\" aria-hidden=\"true\"><\/i><\/button>\n\t\t\t<span>Treinamento Compliance<\/span>\n\t\t<\/a>\n\t\t<div id=\"accordion-2911193663-content\" class=\"accordion-inner\" aria-labelledby=\"accordion-2911193663-label\">\n\t\t\t\n<div class=\"row\"  id=\"row-1574554343\">\n\n\t<div id=\"col-97329173\" class=\"col medium-8 small-12 large-8\"  >\n\t\t\t\t<div class=\"col-inner\"  >\n\t\t\t\n\t\t\t\n<p class=\"p1\" style=\"text-align: justify\"><span class=\"s1\">O Treinamento visa consolidar conceitos e capacidades de Compliance nos l\u00edderes atrav\u00e9s de abordagem t\u00e9cnica conceitual e desenvolvimento de temas do dia-a-dia da institui\u00e7\u00e3o. S\u00e3o \u00a0abordadas pr\u00e1ticas de conscientiza\u00e7\u00e3o e multiplica\u00e7\u00e3o dos fundamentos da atividade de Compliance e seus pilares, incluindo gest\u00e3o da conformidade, al\u00e9m dos fundamentos da atividade de Compliance, sua governan\u00e7a e escopo.\u00a0<\/span><\/p>\n\t\t<\/div>\n\t\t\t\t\t<\/div>\n\n\t\n\n\t<div id=\"col-1197844447\" class=\"col medium-4 small-12 large-4\"  >\n\t\t\t\t<div class=\"col-inner\"  >\n\t\t\t\n\t\t\t\n\t<div class=\"img has-hover x md-x lg-x y md-y lg-y\" id=\"image_83528977\">\n\t\t\t\t\t\t\t\t<div class=\"img-inner dark\" >\n\t\t\t\t\t\t\t\t\t\n\t\t\t\t\t<\/div>\n\t\t\t\t\t\t\t\t\n<style>\n#image_83528977 {\n  width: 60%;\n}\n<\/style>\n\t<\/div>\n\t\n\t\t<\/div>\n\t\t\t\t\t<\/div>\n\n\t\n<\/div>\n\t\t<\/div>\n\t<\/div>\n\t\n\t<div id=\"accordion-1913224237\" class=\"accordion-item\">\n\t\t<a id=\"accordion-1913224237-label\" class=\"accordion-title plain\" href=\"#accordion-item-treinamento-do-manual-de-conformidade-administrativa,-pol\u00edticas-e-princ\u00edpios-de-integridade\" aria-expanded=\"false\" aria-controls=\"accordion-1913224237-content\">\n\t\t\t<button class=\"toggle\" aria-label=\"Toggle\"><i class=\"icon-angle-down\" aria-hidden=\"true\"><\/i><\/button>\n\t\t\t<span>Treinamento do Manual de Conformidade Administrativa, Pol\u00edticas e Princ\u00edpios de Integridade<\/span>\n\t\t<\/a>\n\t\t<div id=\"accordion-1913224237-content\" class=\"accordion-inner\" aria-labelledby=\"accordion-1913224237-label\">\n\t\t\t\n<div class=\"row\"  id=\"row-96732707\">\n\n\t<div id=\"col-891984226\" class=\"col medium-6 small-12 large-6\"  >\n\t\t\t\t<div class=\"col-inner\"  >\n\t\t\t\n\t\t\t\n<p style=\"text-align: justify\">Treinamento desenvolvido e aplicados na admiss\u00e3o e reciclagem dos colaboradores para a refor\u00e7ar a dissemina\u00e7\u00e3o da cultura de integridade na SPDM baseado em seu c\u00f3digo de conduta. Ap\u00f3s a realiza\u00e7\u00e3o do treinamento, os colaboradores realizam a avalia\u00e7\u00e3o para verificar a reten\u00e7\u00e3o e compreens\u00e3o das informa\u00e7\u00f5es. A partir do m\u00eas de julho de 2020 os treinamentos foram disponibilizados em modalidade e-learning.<\/p>\n\t\t<\/div>\n\t\t\t\t\t<\/div>\n\n\t\n\n\t<div id=\"col-251113854\" class=\"col medium-6 small-12 large-6\"  >\n\t\t\t\t<div class=\"col-inner\"  >\n\t\t\t\n\t\t\t\n<p><a href=\"https:\/\/urh.spdmafiliadas.org.br\/wp-content\/uploads\/sites\/4\/2021\/04\/treinamneto-1.png\"><img loading=\"lazy\" decoding=\"async\" class=\"alignnone size-full wp-image-8323\" src=\"https:\/\/urh.spdmafiliadas.org.br\/wp-content\/uploads\/sites\/4\/2021\/04\/treinamneto-1.png\" alt=\"\" width=\"512\" height=\"290\" \/><\/a><\/p>\n<p><a href=\"https:\/\/urh.spdmafiliadas.org.br\/wp-content\/uploads\/sites\/4\/2021\/04\/treinamento-2.png\"><img loading=\"lazy\" decoding=\"async\" class=\"alignnone size-full wp-image-8324\" src=\"https:\/\/urh.spdmafiliadas.org.br\/wp-content\/uploads\/sites\/4\/2021\/04\/treinamento-2.png\" alt=\"\" width=\"1438\" height=\"838\" \/><\/a><\/p>\n\t\t<\/div>\n\t\t\t\t\t<\/div>\n\n\t\n<\/div>\n\t\t<\/div>\n\t<\/div>\n\t\n\t<div id=\"accordion-1947427597\" class=\"accordion-item\">\n\t\t<a id=\"accordion-1947427597-label\" class=\"accordion-title plain\" href=\"#accordion-item-treinamento-de-compliance\/integridade-para-equipes-financeiras-e-n\u00e3o-financeiras\" aria-expanded=\"false\" aria-controls=\"accordion-1947427597-content\">\n\t\t\t<button class=\"toggle\" aria-label=\"Toggle\"><i class=\"icon-angle-down\" aria-hidden=\"true\"><\/i><\/button>\n\t\t\t<span>Treinamento de Compliance\/Integridade para Equipes Financeiras e N\u00e3o Financeiras<\/span>\n\t\t<\/a>\n\t\t<div id=\"accordion-1947427597-content\" class=\"accordion-inner\" aria-labelledby=\"accordion-1947427597-label\">\n\t\t\t\n<div class=\"row\"  id=\"row-710505288\">\n\n\t<div id=\"col-1935675343\" class=\"col medium-6 small-12 large-6\"  >\n\t\t\t\t<div class=\"col-inner\"  >\n\t\t\t\n\t\t\t\n<p style=\"font-weight: 400;text-align: justify\">A partir do m\u00eas de fevereiro de 2020, foram iniciados os treinamentos direcionados aos profissionais das \u00e1reas financeiras (Compras, Contratos, Contabilidade, Tesouraria, Faturamento, Departamento Pessoal e Almoxarifado) priorizadas no mapeamento de riscos pela \u00e1rea de Controles Internos. Foram inclu\u00eddas nos treinamentos, as equipes de Tecnologia de Informa\u00e7\u00e3o em fun\u00e7\u00e3o do n\u00edvel de automa\u00e7\u00e3o dos processos na institui\u00e7\u00e3o.<\/p>\n<p style=\"font-weight: 400;text-align: justify\">O objetivo destes treinamentos \u00e9 consolidar os conceitos e defini\u00e7\u00f5es de compliance e integridade do Manual de Conformidade Administrativa da SPDM, suas pol\u00edticas, normas e regulamentos, canais de den\u00fancias e todas as outras a\u00e7\u00f5es de promo\u00e7\u00e3o da conduta \u00e9tica. Os treinamentos de Compliance abrangem 100% da equipe financeira, gerentes e diretores de todas as \u00e1reas.<\/p>\n<p style=\"font-weight: 400;text-align: justify\">Al\u00e9m dos aspectos citados acima, \u00e9 dada \u00eanfase nos aspectos de controle, como segrega\u00e7\u00e3o de fun\u00e7\u00e3o e al\u00e7ada de valores para autoriza\u00e7\u00f5es, dentre outros.<\/p>\n<p style=\"font-weight: 400;text-align: justify\">A partir do m\u00eas de mar\u00e7o, com o decreto da pandemia de COVID-19 pela OMS \u2013 Organiza\u00e7\u00e3o Mundial da Sa\u00fade, os treinamentos foram transformados em formato online e administrativos via plataforma Microsoft Teams.<\/p>\n\t\t<\/div>\n\t\t\t\t\t<\/div>\n\n\t\n\n\t<div id=\"col-449517868\" class=\"col medium-6 small-12 large-6\"  >\n\t\t\t\t<div class=\"col-inner\"  >\n\t\t\t\n\t\t\t\n\t<div class=\"img has-hover x md-x lg-x y md-y lg-y\" id=\"image_1859243912\">\n\t\t\t\t\t\t\t\t<div class=\"img-inner dark\" >\n\t\t\t\t\t\t\t\t\t\n\t\t\t\t\t<\/div>\n\t\t\t\t\t\t\t\t\n<style>\n#image_1859243912 {\n  width: 100%;\n}\n<\/style>\n\t<\/div>\n\t\n\t\t<\/div>\n\t\t\t\t\t<\/div>\n\n\t\n<\/div>\n\t\t<\/div>\n\t<\/div>\n\t\n\t<div id=\"accordion-3644560431\" class=\"accordion-item\">\n\t\t<a id=\"accordion-3644560431-label\" class=\"accordion-title plain\" href=\"#accordion-item-treinamentos-de-compliance-para-fornecedores-e-prestadores-de-servi\u00e7os\" aria-expanded=\"false\" aria-controls=\"accordion-3644560431-content\">\n\t\t\t<button class=\"toggle\" aria-label=\"Toggle\"><i class=\"icon-angle-down\" aria-hidden=\"true\"><\/i><\/button>\n\t\t\t<span>Treinamentos de Compliance para Fornecedores e Prestadores de Servi\u00e7os<\/span>\n\t\t<\/a>\n\t\t<div id=\"accordion-3644560431-content\" class=\"accordion-inner\" aria-labelledby=\"accordion-3644560431-label\">\n\t\t\t\n<div class=\"row\"  id=\"row-1407714242\">\n\n\t<div id=\"col-1940919362\" class=\"col medium-6 small-12 large-6\"  >\n\t\t\t\t<div class=\"col-inner\"  >\n\t\t\t\n\t\t\t\n<p style=\"text-align: justify\">A SPDM, iniciou no ano de 2019, treinamentos de Compliance para Fornecedores e Prestadores de Servi\u00e7os. O treinamento aborda conceitos e defini\u00e7\u00f5es de Compliance e Integridade do Manual de Conformidade Administrativa da SPDM, suas pol\u00edticas, normas e regulamentos, canais de den\u00fancias e todas as outras a\u00e7\u00f5es de promo\u00e7\u00e3o da cultura de integridade.<\/p>\n<p style=\"text-align: justify\">A partir de maio 2020 em fun\u00e7\u00e3o da pandemia de COVID-19, os treinamentos passaram a ser realizados atrav\u00e9s da plataforma EAD \u2013 Ensino a dist\u00e2ncia da SPDM\/Afiliadas.<\/p>\n<p style=\"text-align: justify\">Fornecedores e Prestadores de Servi\u00e7os da SPDM \u2013 Para inscri\u00e7\u00f5es pedimos a gentileza de enviar e-mail ao\u00a0<a href=\"mailto:treinamento.fornecedor@spdm.org.br\">treinamento.fornecedor@spdm.org.br<\/a>,\u00a0 com nome, empresa e telefone para contato. Ap\u00f3s a inscri\u00e7\u00e3o, ser\u00e1 encaminhado por e-mail o link da plataforma EAD SPDM par realiza\u00e7\u00e3o do treinamento.<\/p>\n\t\t<\/div>\n\t\t\t\t\t<\/div>\n\n\t\n\n\t<div id=\"col-1743092687\" class=\"col medium-6 small-12 large-6\"  >\n\t\t\t\t<div class=\"col-inner\"  >\n\t\t\t\n\t\t\t\n<p><a href=\"https:\/\/urh.spdmafiliadas.org.br\/wp-content\/uploads\/sites\/4\/2021\/04\/treinamento-compliance-.png\"><img loading=\"lazy\" decoding=\"async\" class=\"alignnone size-full wp-image-8325\" src=\"https:\/\/urh.spdmafiliadas.org.br\/wp-content\/uploads\/sites\/4\/2021\/04\/treinamento-compliance-.png\" alt=\"\" width=\"1440\" height=\"837\" \/><\/a><\/p>\n\t\t<\/div>\n\t\t\t\t\t<\/div>\n\n\t\n<\/div>\n\t\t<\/div>\n\t<\/div>\n\t\n<\/div>\n","protected":false},"excerpt":{"rendered":"","protected":false},"author":14,"featured_media":0,"parent":0,"menu_order":0,"comment_status":"closed","ping_status":"closed","template":"","meta":{"footnotes":""},"class_list":["post-8058","page","type-page","status-publish","hentry"],"_links":{"self":[{"href":"http:\/\/ccdq.animaker.com.br\/index.php?rest_route=\/wp\/v2\/pages\/8058","targetHints":{"allow":["GET"]}}],"collection":[{"href":"http:\/\/ccdq.animaker.com.br\/index.php?rest_route=\/wp\/v2\/pages"}],"about":[{"href":"http:\/\/ccdq.animaker.com.br\/index.php?rest_route=\/wp\/v2\/types\/page"}],"author":[{"embeddable":true,"href":"http:\/\/ccdq.animaker.com.br\/index.php?rest_route=\/wp\/v2\/users\/14"}],"replies":[{"embeddable":true,"href":"http:\/\/ccdq.animaker.com.br\/index.php?rest_route=%2Fwp%2Fv2%2Fcomments&post=8058"}],"version-history":[{"count":0,"href":"http:\/\/ccdq.animaker.com.br\/index.php?rest_route=\/wp\/v2\/pages\/8058\/revisions"}],"wp:attachment":[{"href":"http:\/\/ccdq.animaker.com.br\/index.php?rest_route=%2Fwp%2Fv2%2Fmedia&parent=8058"}],"curies":[{"name":"wp","href":"https:\/\/api.w.org\/{rel}","templated":true}]}}