{"id":7537,"date":"2015-06-03T19:34:40","date_gmt":"2015-06-03T22:34:40","guid":{"rendered":"http:\/\/s11396.p20.sites.pressdns.com\/?page_id=6570"},"modified":"2025-06-17T18:58:28","modified_gmt":"2025-06-17T18:58:28","slug":"qualidade-e-seguranca","status":"publish","type":"page","link":"http:\/\/ccdq.animaker.com.br\/?page_id=7537","title":{"rendered":"Qualidade e Seguran\u00e7a"},"content":{"rendered":"\n<div class=\"container section-title-container\" ><h3 class=\"section-title section-title-normal\"><b aria-hidden=\"true\"><\/b><span class=\"section-title-main\" >Qualidade e Seguran\u00e7a<\/span><b aria-hidden=\"true\"><\/b><\/h3><\/div>\n\n<div class=\"row row-small align-middle align-center\"  id=\"row-634931402\">\n\n\n\t<div id=\"col-2014638117\" class=\"col small-12 large-12\"  >\n\t\t\t\t<div class=\"col-inner text-center\"  >\n\t\t\t\n\t\t\t\n\n<h3 style=\"text-align: justify;\">Gest\u00e3o da Qualidade e de Seguran\u00e7a <span style=\"font-size: 75%;\"><button id=\"bb1\" type=\"button\" value=\"Play\" class=\"responsivevoice-button\" title=\"ResponsiveVoice Tap to Start\/Stop Speech\"><span>&#128266; Ouvir<\/span><\/button>\n        <script>\n            bb1.onclick = function(){\n                if(responsiveVoice.isPlaying()){\n                    responsiveVoice.cancel();\n                }else{\n                    responsiveVoice.speak(\"Como elemento diferenciador, a gest\u00e3o da qualidade e seguran\u00e7a v\u00eam contribuir e estimular positivamente os processos envolvidos na presta\u00e7\u00e3o da assist\u00eancia \u00e0 sa\u00fade. Desde que a Associa\u00e7\u00e3o Paulista para o Desenvolvimento da Medicina \u2013 SPDM assumiu a gest\u00e3o do Complexo de Cuidados, em S\u00e3o Paulo, sempre houve a busca da excel\u00eancia, trabalhando com um sistema que visa agilidade nos servi\u00e7os, seguran\u00e7a, efici\u00eancia e a melhoria cont\u00ednua do atendimento aos frequentadores. Na pol\u00edtica de gest\u00e3o da qualidade e seguran\u00e7a praticadas na Unidade, o objetivo principal \u00e9 a garantia efetiva desta melhoria cont\u00ednua atrav\u00e9s de avalia\u00e7\u00f5es, medi\u00e7\u00f5es e readapta\u00e7\u00f5es sistem\u00e1ticas nos processos. O Complexo de Cuidados \u00e9 gerenciado por meio de normas, procedimentos e protocolos padronizados. Os resultados s\u00e3o acompanhados por indicadores de qualidade espec\u00edficos para cada servi\u00e7o.\", \"Brazilian Portuguese Female\");\n                }\n            };\n        <\/script>\n    <\/span><\/h3>\n<p style=\"text-align: justify;\"><span style=\"font-weight: 400;\">Como elemento diferenciador, a gest\u00e3o da qualidade e seguran\u00e7a v\u00eam contribuir e estimular positivamente os processos envolvidos na presta\u00e7\u00e3o da assist\u00eancia \u00e0 sa\u00fade.<\/span><\/p>\n<p style=\"text-align: justify;\"><span style=\"font-weight: 400;\">Desde que a Associa\u00e7\u00e3o Paulista para o Desenvolvimento da Medicina \u2013 SPDM assumiu a gest\u00e3o do <\/span><span style=\"font-weight: 400;\">Complexo de Cuidados<\/span><span style=\"font-weight: 400;\">, em S\u00e3o Paulo, sempre houve a busca da excel\u00eancia, trabalhando com um sistema que visa agilidade nos servi\u00e7os, seguran\u00e7a, efici\u00eancia e a melhoria cont\u00ednua do atendimento aos frequentadores.<\/span><\/p>\n<p style=\"text-align: justify;\"><span style=\"font-weight: 400;\">Na pol\u00edtica de gest\u00e3o da qualidade e seguran\u00e7a praticadas na Unidade, o objetivo principal \u00e9 a garantia efetiva desta melhoria cont\u00ednua atrav\u00e9s de avalia\u00e7\u00f5es, medi\u00e7\u00f5es e readapta\u00e7\u00f5es sistem\u00e1ticas nos processos.<\/span><\/p>\n<p style=\"text-align: justify;\"><span style=\"font-weight: 400;\">O Complexo de Cuidados <\/span><span style=\"font-weight: 400;\">\u00e9 gerenciad<\/span><span style=\"font-weight: 400;\">o<\/span><span style=\"font-weight: 400;\"> por meio de normas, procedimentos e protocolos padronizados. Os resultados s\u00e3o acompanhados por indicadores de qualidade espec\u00edficos para cada servi\u00e7o.<\/span><span style=\"font-size: 14.4px;\"><\/span><\/p>\n\n\t\t<\/div>\n\t\t\t\t\t<\/div>\n\n\t\n\n<\/div>\n<div class=\"row\"  id=\"row-820608821\">\n\n\n\t<div id=\"col-59993962\" class=\"col medium-6 small-12 large-6\"  >\n\t\t\t\t<div class=\"col-inner\"  >\n\t\t\t\n\t\t\t\n\n<h3 class=\"accordion_title\">Pr\u00eamios e Certificados<\/h3><div class=\"accordion\">\n\n\t<div id=\"accordion-1487991286\" class=\"accordion-item\">\n\t\t<a id=\"accordion-1487991286-label\" class=\"accordion-title plain\" href=\"#accordion-item-certifica\u00e7\u00e3o-nacional-de-qualidade-ona-n\u00edvel-ii-\u2013-acreditado-pleno\" aria-expanded=\"false\" aria-controls=\"accordion-1487991286-content\">\n\t\t\t<button class=\"toggle\" aria-label=\"Toggle\"><i class=\"icon-angle-down\" aria-hidden=\"true\"><\/i><\/button>\n\t\t\t<span>Certifica\u00e7\u00e3o Nacional de Qualidade ONA N\u00edvel II \u2013 Acreditado Pleno<\/span>\n\t\t<\/a>\n\t\t<div id=\"accordion-1487991286-content\" class=\"accordion-inner\" aria-labelledby=\"accordion-1487991286-label\">\n\t\t\t\n\n<div class=\"wp-block-image\"><a href=\"https:\/\/urh.spdmafiliadas.org.br\/wp-content\/uploads\/sites\/4\/2023\/09\/ona-II-pleno.png\"><img loading=\"lazy\" decoding=\"async\" class=\"wp-image-8961 size-full aligncenter\" src=\"https:\/\/urh.spdmafiliadas.org.br\/wp-content\/uploads\/sites\/4\/2023\/09\/ona-II-pleno.png\" alt=\"ONA\" width=\"137\" height=\"123\" \/><\/a><\/div>\n<ul>\n<li>Unidade Recome\u00e7o Helv\u00e9tia\u00a0\u2013 Agosto \/2023 (<a href=\"https:\/\/urh.spdmafiliadas.org.br\/wp-content\/uploads\/sites\/4\/2024\/10\/Certificado-Ona.pdf\">Certificado Ona<\/a>)<\/li>\n<\/ul>\n\n\t\t<\/div>\n\t<\/div>\n\t\n\t<div id=\"accordion-51072283\" class=\"accordion-item\">\n\t\t<a id=\"accordion-51072283-label\" class=\"accordion-title plain\" href=\"#accordion-item-certificado-qualidade-ambiente-do-trabalho\" aria-expanded=\"false\" aria-controls=\"accordion-51072283-content\">\n\t\t\t<button class=\"toggle\" aria-label=\"Toggle\"><i class=\"icon-angle-down\" aria-hidden=\"true\"><\/i><\/button>\n\t\t\t<span>Certificado Qualidade Ambiente do Trabalho<\/span>\n\t\t<\/a>\n\t\t<div id=\"accordion-51072283-content\" class=\"accordion-inner\" aria-labelledby=\"accordion-51072283-label\">\n\t\t\t\n\n<p><a href=\"https:\/\/urh.spdmafiliadas.org.br\/wp-content\/uploads\/sites\/4\/2024\/06\/Certificado-FIA-Lugar-Incrivel-para-Trabalhar-2024-PNG-Aplicacao-1.png\"><img loading=\"lazy\" decoding=\"async\" class=\"wp-image-9224 aligncenter\" src=\"https:\/\/urh.spdmafiliadas.org.br\/wp-content\/uploads\/sites\/4\/2024\/06\/Certificado-FIA-Lugar-Incrivel-para-Trabalhar-2024-PNG-Aplicacao-1.png\" alt=\"lugar incrivel\" width=\"199\" height=\"293\" \/><\/a><\/p>\n<p><img loading=\"lazy\" decoding=\"async\" class=\"aligncenter wp-image-9525 \" src=\"http:\/\/ccdq.animaker.com.br\/wp-content\/uploads\/sites\/161\/2025\/06\/unnamed1.png\" alt=\"fia\" width=\"428\" height=\"137\" srcset=\"http:\/\/ccdq.animaker.com.br\/wp-content\/uploads\/sites\/161\/2025\/06\/unnamed1.png 512w, http:\/\/ccdq.animaker.com.br\/wp-content\/uploads\/sites\/161\/2025\/06\/unnamed1-300x96.png 300w\" sizes=\"auto, (max-width: 428px) 100vw, 428px\" \/><\/p>\n<p style=\"text-align: center;\">\u00a0Outubro\/2020<\/p>\n<p><img loading=\"lazy\" decoding=\"async\" class=\"aligncenter wp-image-9526 \" src=\"http:\/\/ccdq.animaker.com.br\/wp-content\/uploads\/sites\/161\/2025\/06\/unnamed-2.png\" alt=\"fia\" width=\"455\" height=\"169\" srcset=\"http:\/\/ccdq.animaker.com.br\/wp-content\/uploads\/sites\/161\/2025\/06\/unnamed-2.png 512w, http:\/\/ccdq.animaker.com.br\/wp-content\/uploads\/sites\/161\/2025\/06\/unnamed-2-300x111.png 300w\" sizes=\"auto, (max-width: 455px) 100vw, 455px\" \/><\/p>\n<p style=\"text-align: center;\">\u00a0Julho\/2021<\/p>\n<p>\u00a0<\/p>\n<p style=\"text-align: center;\">\u00a0<\/p>\n\n\t\t<\/div>\n\t<\/div>\n\t\n\t<div id=\"accordion-3949434352\" class=\"accordion-item\">\n\t\t<a id=\"accordion-3949434352-label\" class=\"accordion-title plain\" href=\"#accordion-item-selo-municipal-de-direitos-humanos-e-diversidade\" aria-expanded=\"false\" aria-controls=\"accordion-3949434352-content\">\n\t\t\t<button class=\"toggle\" aria-label=\"Toggle\"><i class=\"icon-angle-down\" aria-hidden=\"true\"><\/i><\/button>\n\t\t\t<span>Selo Municipal de Direitos Humanos e Diversidade<\/span>\n\t\t<\/a>\n\t\t<div id=\"accordion-3949434352-content\" class=\"accordion-inner\" aria-labelledby=\"accordion-3949434352-label\">\n\t\t\t\n\n<div class=\"wp-block-image\"><a href=\"https:\/\/urh.spdmafiliadas.org.br\/wp-content\/uploads\/sites\/4\/2024\/02\/Logo-Principal-Vertical.png\"><img loading=\"lazy\" decoding=\"async\" class=\"wpa-warning wpa-image-missing-alt wp-image-9084 alignnone\" src=\"https:\/\/urh.spdmafiliadas.org.br\/wp-content\/uploads\/sites\/4\/2024\/02\/Logo-Principal-Vertical.png\" alt=\"selo\" width=\"354\" height=\"424\" data-warning=\"Missing alt text\" \/><\/a><\/div>\n\n\t\t<\/div>\n\t<\/div>\n\t\n\n<\/div>\n\n\t\t<\/div>\n\t\t\t\t\t<\/div>\n\n\t\n\n\t<div id=\"col-255989096\" class=\"col medium-6 small-12 large-6\"  >\n\t\t\t\t<div class=\"col-inner\"  >\n\t\t\t\n\t\t\t\n\n\n\t\t<\/div>\n\t\t\t\t\t<\/div>\n\n\t\n\n<\/div>\n\n","protected":false},"excerpt":{"rendered":"","protected":false},"author":14,"featured_media":0,"parent":0,"menu_order":0,"comment_status":"closed","ping_status":"closed","template":"","meta":{"footnotes":""},"class_list":["post-7537","page","type-page","status-publish","hentry"],"_links":{"self":[{"href":"http:\/\/ccdq.animaker.com.br\/index.php?rest_route=\/wp\/v2\/pages\/7537","targetHints":{"allow":["GET"]}}],"collection":[{"href":"http:\/\/ccdq.animaker.com.br\/index.php?rest_route=\/wp\/v2\/pages"}],"about":[{"href":"http:\/\/ccdq.animaker.com.br\/index.php?rest_route=\/wp\/v2\/types\/page"}],"author":[{"embeddable":true,"href":"http:\/\/ccdq.animaker.com.br\/index.php?rest_route=\/wp\/v2\/users\/14"}],"replies":[{"embeddable":true,"href":"http:\/\/ccdq.animaker.com.br\/index.php?rest_route=%2Fwp%2Fv2%2Fcomments&post=7537"}],"version-history":[{"count":0,"href":"http:\/\/ccdq.animaker.com.br\/index.php?rest_route=\/wp\/v2\/pages\/7537\/revisions"}],"wp:attachment":[{"href":"http:\/\/ccdq.animaker.com.br\/index.php?rest_route=%2Fwp%2Fv2%2Fmedia&parent=7537"}],"curies":[{"name":"wp","href":"https:\/\/api.w.org\/{rel}","templated":true}]}}