{"id":7533,"date":"2015-05-27T00:32:39","date_gmt":"2015-05-27T03:32:39","guid":{"rendered":"http:\/\/s11396.p20.sites.pressdns.com\/?page_id=6493"},"modified":"2025-03-24T14:21:44","modified_gmt":"2025-03-24T14:21:44","slug":"unidade","status":"publish","type":"page","link":"http:\/\/ccdq.animaker.com.br\/?page_id=7533","title":{"rendered":"Unidade"},"content":{"rendered":"\n<div class=\"container section-title-container\" ><h3 class=\"section-title section-title-normal\"><b aria-hidden=\"true\"><\/b><span class=\"section-title-main\" >Unidades<\/span><b aria-hidden=\"true\"><\/b><\/h3><\/div>\n\n<div class=\"row\"  id=\"row-1206052312\">\n\n\n\t<div id=\"col-735595849\" class=\"col medium-6 small-12 large-6\"  >\n\t\t\t\t<div class=\"col-inner\"  >\n\t\t\t\n\t\t\t\n\n<h6>UNIDADE I<\/h6>\n<p style=\"text-align: justify;\"><span style=\"font-size: 75%;\"><button id=\"bb1\" type=\"button\" value=\"Play\" class=\"responsivevoice-button\" title=\"ResponsiveVoice Tap to Start\/Stop Speech\"><span>&#128266; Ouvir<\/span><\/button>\n        <script>\n            bb1.onclick = function(){\n                if(responsiveVoice.isPlaying()){\n                    responsiveVoice.cancel();\n                }else{\n                    responsiveVoice.speak(\"Disp\u00f5e de um Pronto Atendimento com funcionamento 24 horas\u00a0 e\u00a0 leitos de Observa\u00e7\u00e3o para curta perman\u00eancia.\u00a0 Possui atendimento m\u00e9dico e\u00a0 multiprofissional\u00a0 para pessoas com necessidades relacionadas a depend\u00eancia qu\u00edmica nas Cenas Abertas de Uso.\", \"Brazilian Portuguese Female\");\n                }\n            };\n        <\/script>\n    <\/span><span style=\"font-weight: 400;\">Disp\u00f5e de um Pronto Atendimento com funcionamento 24 horas\u00a0 e\u00a0 leitos de Observa\u00e7\u00e3o para curta perman\u00eancia.\u00a0 Possui atendimento m\u00e9dico e\u00a0 multiprofissional\u00a0 para pessoas com necessidades relacionadas a depend\u00eancia qu\u00edmica nas Cenas Abertas de Uso. <\/span>\n\t<div id=\"gap-614497352\" class=\"gap-element clearfix\" style=\"display:block; height:auto;\">\n\t\t\n<style>\n#gap-614497352 {\n  padding-top: 30px;\n}\n<\/style>\n\t<\/div>\n\t\n\n\n\t\t<\/div>\n\t\t\t\t\t<\/div>\n\n\t\n\n\t<div id=\"col-323225147\" class=\"col medium-6 small-12 large-6\"  >\n\t\t\t\t<div class=\"col-inner\"  >\n\t\t\t\n\t\t\t\n\n<p><img loading=\"lazy\" decoding=\"async\" class=\"alignnone wp-image-9357 \" src=\"http:\/\/ccdq.animaker.com.br\/wp-content\/uploads\/sites\/161\/2025\/03\/hub-imagem.jpg\" alt=\"\" width=\"368\" height=\"491\" srcset=\"http:\/\/ccdq.animaker.com.br\/wp-content\/uploads\/sites\/161\/2025\/03\/hub-imagem.jpg 1440w, http:\/\/ccdq.animaker.com.br\/wp-content\/uploads\/sites\/161\/2025\/03\/hub-imagem-225x300.jpg 225w, http:\/\/ccdq.animaker.com.br\/wp-content\/uploads\/sites\/161\/2025\/03\/hub-imagem-768x1024.jpg 768w, http:\/\/ccdq.animaker.com.br\/wp-content\/uploads\/sites\/161\/2025\/03\/hub-imagem-1152x1536.jpg 1152w\" sizes=\"auto, (max-width: 368px) 100vw, 368px\" \/><\/p>\n\n\t\t<\/div>\n\t\t\t\t\t<\/div>\n\n\t\n\n<\/div>\n<div class=\"row\"  id=\"row-1133942235\">\n\n\n\t<div id=\"col-2033015639\" class=\"col medium-6 small-12 large-6\"  >\n\t\t\t\t<div class=\"col-inner\"  >\n\t\t\t\n\t\t\t\n\n<h6>UNIDADE II<\/h6>\n<p style=\"text-align: justify;\"><span style=\"font-size: 75%;\"><button id=\"bb2\" type=\"button\" value=\"Play\" class=\"responsivevoice-button\" title=\"ResponsiveVoice Tap to Start\/Stop Speech\"><span>&#128266; Ouvir<\/span><\/button>\n        <script>\n            bb2.onclick = function(){\n                if(responsiveVoice.isPlaying()){\n                    responsiveVoice.cancel();\n                }else{\n                    responsiveVoice.speak(\"Disp\u00f5e de enfermaria para desintoxica\u00e7\u00e3o de pacientes encaminhados pela Unidade I. \u00c9 uma unidade especializada que complementa a linha de Cuidado Integral a Adultos com Necessidades Relacionadas ao Uso de Crack.\", \"Brazilian Portuguese Female\");\n                }\n            };\n        <\/script>\n    <\/span><span style=\"font-weight: 400;\">Disp\u00f5e de enfermaria para desintoxica\u00e7\u00e3o de pacientes encaminhados pela Unidade I. \u00c9 uma unidade especializada que complementa a linha de Cuidado Integral a Adultos com Necessidades Relacionadas ao Uso de Crack. <\/span>\n\t<div id=\"gap-1054033313\" class=\"gap-element clearfix\" style=\"display:block; height:auto;\">\n\t\t\n<style>\n#gap-1054033313 {\n  padding-top: 30px;\n}\n<\/style>\n\t<\/div>\n\t\n\n\n\t\t<\/div>\n\t\t\t\t\t<\/div>\n\n\t\n\n\t<div id=\"col-822497835\" class=\"col medium-6 small-12 large-6\"  >\n\t\t\t\t<div class=\"col-inner\"  >\n\t\t\t\n\t\t\t\n\n<p><a href=\"https:\/\/urh.spdmafiliadas.org.br\/wp-content\/uploads\/sites\/4\/2018\/10\/foto-fachada-urh.jpg\"><img loading=\"lazy\" decoding=\"async\" class=\"alignnone  wp-image-7297\" src=\"http:\/\/urh.spdmafiliadas.org.br\/wp-content\/uploads\/sites\/4\/2018\/10\/foto-fachada-urh.jpg\" alt=\"\" width=\"368\" height=\"491\" \/><\/a><\/p>\n\n\n\t\t<\/div>\n\t\t\t\t\t<\/div>\n\n\t\n\n<\/div>\n\n","protected":false},"excerpt":{"rendered":"","protected":false},"author":14,"featured_media":0,"parent":0,"menu_order":0,"comment_status":"closed","ping_status":"closed","template":"","meta":{"footnotes":""},"class_list":["post-7533","page","type-page","status-publish","hentry"],"_links":{"self":[{"href":"http:\/\/ccdq.animaker.com.br\/index.php?rest_route=\/wp\/v2\/pages\/7533","targetHints":{"allow":["GET"]}}],"collection":[{"href":"http:\/\/ccdq.animaker.com.br\/index.php?rest_route=\/wp\/v2\/pages"}],"about":[{"href":"http:\/\/ccdq.animaker.com.br\/index.php?rest_route=\/wp\/v2\/types\/page"}],"author":[{"embeddable":true,"href":"http:\/\/ccdq.animaker.com.br\/index.php?rest_route=\/wp\/v2\/users\/14"}],"replies":[{"embeddable":true,"href":"http:\/\/ccdq.animaker.com.br\/index.php?rest_route=%2Fwp%2Fv2%2Fcomments&post=7533"}],"version-history":[{"count":0,"href":"http:\/\/ccdq.animaker.com.br\/index.php?rest_route=\/wp\/v2\/pages\/7533\/revisions"}],"wp:attachment":[{"href":"http:\/\/ccdq.animaker.com.br\/index.php?rest_route=%2Fwp%2Fv2%2Fmedia&parent=7533"}],"curies":[{"name":"wp","href":"https:\/\/api.w.org\/{rel}","templated":true}]}}